{"id":1791,"date":"2024-02-07T13:04:11","date_gmt":"2024-02-07T13:04:11","guid":{"rendered":"https:\/\/demmetal.webcrix.com\/?post_type=product&#038;p=1791"},"modified":"2024-02-27T08:13:01","modified_gmt":"2024-02-27T08:13:01","slug":"ozel-rondela","status":"publish","type":"product","link":"https:\/\/demmetal.com\/en\/urunler\/ozel-rondela\/","title":{"rendered":"Custom Washer"},"content":{"rendered":"<p>Technical properties of custom sized washers are defiend by buyer.<\/p>","protected":false},"excerpt":{"rendered":"<p><strong>Custom Washer<\/strong><\/p>\n<p>We provide washer production compatible with technical drawing and spesifications having an outer diameter between 13mm and 250mm. According to our clients' demands, we produce washers from high quality materials and test them delicately. We provide quick and effective solutions with our wide range of products and flexible production process. Each of our products are designed and produced delicately to meet our clients' expectations.<\/p>\n<p>As your trusted business partner, we are at your service with us valuing customer satisfaction and product quality.<\/p>","protected":false},"featured_media":2076,"template":"","meta":[],"product_cat":[23],"product_tag":[55],"class_list":{"0":"post-1791","1":"product","2":"type-product","3":"status-publish","4":"has-post-thumbnail","6":"product_cat-rondela","7":"product_tag-ozel","9":"first","10":"instock","11":"shipping-taxable","12":"product-type-simple"},"yoast_head":"<!-- This site is optimized with the Yoast SEO plugin v22.2 - https:\/\/yoast.com\/wordpress\/plugins\/seo\/ -->\n<title>\u00d6zel Rondela - Dem Metal Rondela \u0130malat\u0131 ve Ticareti<\/title>\n<meta name=\"robots\" content=\"index, follow, max-snippet:-1, max-image-preview:large, max-video-preview:-1\" \/>\n<link rel=\"canonical\" href=\"https:\/\/demmetal.com\/en\/urunler\/ozel-rondela\/\" \/>\n<meta property=\"og:locale\" content=\"en_GB\" \/>\n<meta property=\"og:type\" content=\"article\" \/>\n<meta property=\"og:title\" content=\"\u00d6zel Rondela - Dem Metal Rondela \u0130malat\u0131 ve Ticareti\" \/>\n<meta property=\"og:description\" content=\"\u00d6zel Rondela  Firmam\u0131z, teknik resim ve spesifikasyonlara uygun olarak d\u0131\u015f \u00e7ap\u0131 13 mm ile 250 mm aras\u0131nda de\u011fi\u015fen ve \u00e7e\u015fitli kal\u0131nl\u0131klarda rondela \u00fcretimini ger\u00e7ekle\u015ftirmektedir. M\u00fc\u015fterilerimizin talepleri do\u011frultusunda, y\u00fcksek kaliteli malzemeler kullan\u0131larak \u00fcretim yap\u0131lmakta ve titizlikle kontrol edilmektedir. Geni\u015f \u00fcr\u00fcn yelpazemiz ve esnek \u00fcretim s\u00fcre\u00e7lerimiz ile m\u00fc\u015fteri ihtiya\u00e7lar\u0131na h\u0131zl\u0131 ve etkili \u00e7\u00f6z\u00fcmler sunmaktay\u0131z. Her bir \u00fcr\u00fcn, m\u00fc\u015fteri beklentilerini kar\u015f\u0131lamak i\u00e7in \u00f6zenle tasarlanmakta ve \u00fcretilmektedir.  M\u00fc\u015fteri memnuniyeti ve \u00fcr\u00fcn kalitesine verdi\u011fimiz \u00f6nemle, \u00f6zel rondela imalat\u0131m\u0131zla g\u00fcvenilir i\u015f orta\u011f\u0131n\u0131z olarak hizmetinizdeyiz.\" \/>\n<meta property=\"og:url\" content=\"https:\/\/demmetal.com\/en\/urunler\/ozel-rondela\/\" \/>\n<meta property=\"og:site_name\" content=\"Dem Metal\" \/>\n<meta property=\"article:publisher\" content=\"https:\/\/www.facebook.com\/demmetalrondela\" \/>\n<meta property=\"article:modified_time\" content=\"2024-02-27T08:13:01+00:00\" \/>\n<meta property=\"og:image\" content=\"https:\/\/demmetal.com\/wp-content\/uploads\/2024\/02\/karisik-1.jpg\" \/>\n\t<meta property=\"og:image:width\" content=\"2160\" \/>\n\t<meta property=\"og:image:height\" content=\"2160\" \/>\n\t<meta property=\"og:image:type\" content=\"image\/jpeg\" \/>\n<meta name=\"twitter:card\" content=\"summary_large_image\" \/>\n<script type=\"application\/ld+json\" class=\"yoast-schema-graph\">{\"@context\":\"https:\/\/schema.org\",\"@graph\":[{\"@type\":\"WebPage\",\"@id\":\"https:\/\/demmetal.com\/urunler\/ozel-rondela\/\",\"url\":\"https:\/\/demmetal.com\/urunler\/ozel-rondela\/\",\"name\":\"\u00d6zel Rondela - Dem Metal Rondela \u0130malat\u0131 ve Ticareti\",\"isPartOf\":{\"@id\":\"https:\/\/demmetal.com\/#website\"},\"primaryImageOfPage\":{\"@id\":\"https:\/\/demmetal.com\/urunler\/ozel-rondela\/#primaryimage\"},\"image\":{\"@id\":\"https:\/\/demmetal.com\/urunler\/ozel-rondela\/#primaryimage\"},\"thumbnailUrl\":\"https:\/\/demmetal.com\/wp-content\/uploads\/2024\/02\/karisik-1.jpg\",\"datePublished\":\"2024-02-07T13:04:11+00:00\",\"dateModified\":\"2024-02-27T08:13:01+00:00\",\"breadcrumb\":{\"@id\":\"https:\/\/demmetal.com\/urunler\/ozel-rondela\/#breadcrumb\"},\"inLanguage\":\"en-GB\",\"potentialAction\":[{\"@type\":\"ReadAction\",\"target\":[\"https:\/\/demmetal.com\/urunler\/ozel-rondela\/\"]}]},{\"@type\":\"ImageObject\",\"inLanguage\":\"en-GB\",\"@id\":\"https:\/\/demmetal.com\/urunler\/ozel-rondela\/#primaryimage\",\"url\":\"https:\/\/demmetal.com\/wp-content\/uploads\/2024\/02\/karisik-1.jpg\",\"contentUrl\":\"https:\/\/demmetal.com\/wp-content\/uploads\/2024\/02\/karisik-1.jpg\",\"width\":2160,\"height\":2160},{\"@type\":\"BreadcrumbList\",\"@id\":\"https:\/\/demmetal.com\/urunler\/ozel-rondela\/#breadcrumb\",\"itemListElement\":[{\"@type\":\"ListItem\",\"position\":1,\"name\":\"Anasayfa\",\"item\":\"https:\/\/demmetal.com\/\"},{\"@type\":\"ListItem\",\"position\":2,\"name\":\"\u00dcr\u00fcnler\",\"item\":\"https:\/\/demmetal.com\/urunler\/\"},{\"@type\":\"ListItem\",\"position\":3,\"name\":\"\u00d6zel Rondela\"}]},{\"@type\":\"WebSite\",\"@id\":\"https:\/\/demmetal.com\/#website\",\"url\":\"https:\/\/demmetal.com\/\",\"name\":\"Dem Metal\",\"description\":\"Rondela \u0130malat\u0131 ve Ticareti\",\"publisher\":{\"@id\":\"https:\/\/demmetal.com\/#organization\"},\"potentialAction\":[{\"@type\":\"SearchAction\",\"target\":{\"@type\":\"EntryPoint\",\"urlTemplate\":\"https:\/\/demmetal.com\/?s={search_term_string}\"},\"query-input\":\"required name=search_term_string\"}],\"inLanguage\":\"en-GB\"},{\"@type\":\"Organization\",\"@id\":\"https:\/\/demmetal.com\/#organization\",\"name\":\"Dem Metal\",\"url\":\"https:\/\/demmetal.com\/\",\"logo\":{\"@type\":\"ImageObject\",\"inLanguage\":\"en-GB\",\"@id\":\"https:\/\/demmetal.com\/#\/schema\/logo\/image\/\",\"url\":\"https:\/\/demmetal.com\/wp-content\/uploads\/2024\/01\/demkoc-logo-son.png\",\"contentUrl\":\"https:\/\/demmetal.com\/wp-content\/uploads\/2024\/01\/demkoc-logo-son.png\",\"width\":1250,\"height\":330,\"caption\":\"Dem Metal\"},\"image\":{\"@id\":\"https:\/\/demmetal.com\/#\/schema\/logo\/image\/\"},\"sameAs\":[\"https:\/\/www.facebook.com\/demmetalrondela\",\"https:\/\/www.instagram.com\/demmetal\/\",\"https:\/\/www.linkedin.com\/company\/demmetal\/\"]}]}<\/script>\n<!-- \/ Yoast SEO plugin. -->","yoast_head_json":{"title":"\u00d6zel Rondela - Dem Metal Rondela \u0130malat\u0131 ve Ticareti","robots":{"index":"index","follow":"follow","max-snippet":"max-snippet:-1","max-image-preview":"max-image-preview:large","max-video-preview":"max-video-preview:-1"},"canonical":"https:\/\/demmetal.com\/en\/urunler\/ozel-rondela\/","og_locale":"en_GB","og_type":"article","og_title":"\u00d6zel Rondela - Dem Metal Rondela \u0130malat\u0131 ve Ticareti","og_description":"\u00d6zel Rondela  Firmam\u0131z, teknik resim ve spesifikasyonlara uygun olarak d\u0131\u015f \u00e7ap\u0131 13 mm ile 250 mm aras\u0131nda de\u011fi\u015fen ve \u00e7e\u015fitli kal\u0131nl\u0131klarda rondela \u00fcretimini ger\u00e7ekle\u015ftirmektedir. M\u00fc\u015fterilerimizin talepleri do\u011frultusunda, y\u00fcksek kaliteli malzemeler kullan\u0131larak \u00fcretim yap\u0131lmakta ve titizlikle kontrol edilmektedir. Geni\u015f \u00fcr\u00fcn yelpazemiz ve esnek \u00fcretim s\u00fcre\u00e7lerimiz ile m\u00fc\u015fteri ihtiya\u00e7lar\u0131na h\u0131zl\u0131 ve etkili \u00e7\u00f6z\u00fcmler sunmaktay\u0131z. Her bir \u00fcr\u00fcn, m\u00fc\u015fteri beklentilerini kar\u015f\u0131lamak i\u00e7in \u00f6zenle tasarlanmakta ve \u00fcretilmektedir.  M\u00fc\u015fteri memnuniyeti ve \u00fcr\u00fcn kalitesine verdi\u011fimiz \u00f6nemle, \u00f6zel rondela imalat\u0131m\u0131zla g\u00fcvenilir i\u015f orta\u011f\u0131n\u0131z olarak hizmetinizdeyiz.","og_url":"https:\/\/demmetal.com\/en\/urunler\/ozel-rondela\/","og_site_name":"Dem Metal","article_publisher":"https:\/\/www.facebook.com\/demmetalrondela","article_modified_time":"2024-02-27T08:13:01+00:00","og_image":[{"width":2160,"height":2160,"url":"https:\/\/demmetal.com\/wp-content\/uploads\/2024\/02\/karisik-1.jpg","type":"image\/jpeg"}],"twitter_card":"summary_large_image","schema":{"@context":"https:\/\/schema.org","@graph":[{"@type":"WebPage","@id":"https:\/\/demmetal.com\/urunler\/ozel-rondela\/","url":"https:\/\/demmetal.com\/urunler\/ozel-rondela\/","name":"\u00d6zel Rondela - Dem Metal Rondela \u0130malat\u0131 ve Ticareti","isPartOf":{"@id":"https:\/\/demmetal.com\/#website"},"primaryImageOfPage":{"@id":"https:\/\/demmetal.com\/urunler\/ozel-rondela\/#primaryimage"},"image":{"@id":"https:\/\/demmetal.com\/urunler\/ozel-rondela\/#primaryimage"},"thumbnailUrl":"https:\/\/demmetal.com\/wp-content\/uploads\/2024\/02\/karisik-1.jpg","datePublished":"2024-02-07T13:04:11+00:00","dateModified":"2024-02-27T08:13:01+00:00","breadcrumb":{"@id":"https:\/\/demmetal.com\/urunler\/ozel-rondela\/#breadcrumb"},"inLanguage":"en-GB","potentialAction":[{"@type":"ReadAction","target":["https:\/\/demmetal.com\/urunler\/ozel-rondela\/"]}]},{"@type":"ImageObject","inLanguage":"en-GB","@id":"https:\/\/demmetal.com\/urunler\/ozel-rondela\/#primaryimage","url":"https:\/\/demmetal.com\/wp-content\/uploads\/2024\/02\/karisik-1.jpg","contentUrl":"https:\/\/demmetal.com\/wp-content\/uploads\/2024\/02\/karisik-1.jpg","width":2160,"height":2160},{"@type":"BreadcrumbList","@id":"https:\/\/demmetal.com\/urunler\/ozel-rondela\/#breadcrumb","itemListElement":[{"@type":"ListItem","position":1,"name":"Anasayfa","item":"https:\/\/demmetal.com\/"},{"@type":"ListItem","position":2,"name":"\u00dcr\u00fcnler","item":"https:\/\/demmetal.com\/urunler\/"},{"@type":"ListItem","position":3,"name":"\u00d6zel Rondela"}]},{"@type":"WebSite","@id":"https:\/\/demmetal.com\/#website","url":"https:\/\/demmetal.com\/","name":"Dem Metal","description":"Rondela \u0130malat\u0131 ve Ticareti","publisher":{"@id":"https:\/\/demmetal.com\/#organization"},"potentialAction":[{"@type":"SearchAction","target":{"@type":"EntryPoint","urlTemplate":"https:\/\/demmetal.com\/?s={search_term_string}"},"query-input":"required name=search_term_string"}],"inLanguage":"en-GB"},{"@type":"Organization","@id":"https:\/\/demmetal.com\/#organization","name":"Dem Metal","url":"https:\/\/demmetal.com\/","logo":{"@type":"ImageObject","inLanguage":"en-GB","@id":"https:\/\/demmetal.com\/#\/schema\/logo\/image\/","url":"https:\/\/demmetal.com\/wp-content\/uploads\/2024\/01\/demkoc-logo-son.png","contentUrl":"https:\/\/demmetal.com\/wp-content\/uploads\/2024\/01\/demkoc-logo-son.png","width":1250,"height":330,"caption":"Dem Metal"},"image":{"@id":"https:\/\/demmetal.com\/#\/schema\/logo\/image\/"},"sameAs":["https:\/\/www.facebook.com\/demmetalrondela","https:\/\/www.instagram.com\/demmetal\/","https:\/\/www.linkedin.com\/company\/demmetal\/"]}]}},"_links":{"self":[{"href":"https:\/\/demmetal.com\/en\/wp-json\/wp\/v2\/product\/1791","targetHints":{"allow":["GET"]}}],"collection":[{"href":"https:\/\/demmetal.com\/en\/wp-json\/wp\/v2\/product"}],"about":[{"href":"https:\/\/demmetal.com\/en\/wp-json\/wp\/v2\/types\/product"}],"wp:featuredmedia":[{"embeddable":true,"href":"https:\/\/demmetal.com\/en\/wp-json\/wp\/v2\/media\/2076"}],"wp:attachment":[{"href":"https:\/\/demmetal.com\/en\/wp-json\/wp\/v2\/media?parent=1791"}],"wp:term":[{"taxonomy":"product_cat","embeddable":true,"href":"https:\/\/demmetal.com\/en\/wp-json\/wp\/v2\/product_cat?post=1791"},{"taxonomy":"product_tag","embeddable":true,"href":"https:\/\/demmetal.com\/en\/wp-json\/wp\/v2\/product_tag?post=1791"}],"curies":[{"name":"wp","href":"https:\/\/api.w.org\/{rel}","templated":true}]}}