{"id":1783,"date":"2024-02-07T12:49:51","date_gmt":"2024-02-07T12:49:51","guid":{"rendered":"https:\/\/demmetal.webcrix.com\/?post_type=product&#038;p=1783"},"modified":"2024-03-08T11:35:10","modified_gmt":"2024-03-08T11:35:10","slug":"din-1441","status":"publish","type":"product","link":"https:\/\/demmetal.com\/en\/urunler\/din-1441\/","title":{"rendered":"DIN 1441"},"content":{"rendered":"<p><img fetchpriority=\"high\" decoding=\"async\" class=\"size-medium wp-image-2039 aligncenter\" src=\"https:\/\/demmetal.webcrix.com\/wp-content\/uploads\/2024\/02\/DEM-DIN-1441-300x170.png\" alt=\"\" width=\"300\" height=\"170\" srcset=\"https:\/\/demmetal.com\/wp-content\/uploads\/2024\/02\/DEM-DIN-1441-300x170.png 300w, https:\/\/demmetal.com\/wp-content\/uploads\/2024\/02\/DEM-DIN-1441-18x10.png 18w, https:\/\/demmetal.com\/wp-content\/uploads\/2024\/02\/DEM-DIN-1441.png 400w\" sizes=\"(max-width: 300px) 100vw, 300px\" \/><\/p>\n<p>&nbsp;<\/p>\n<table>\n<thead>\n<tr>\n<th class=\"col-h\">Bolt Diameter<\/th>\n<th>Nominal Diameter<\/th>\n<th>dc<\/th>\n<th>h<\/th>\n<th>Weight<\/th>\n<\/tr>\n<\/thead>\n<tbody>\n<tr>\n<td class=\"row-h\">M8<\/td>\n<td class=\"row-p\">9<\/td>\n<td class=\"row-p\">16<\/td>\n<td class=\"row-p\">2<\/td>\n<td class=\"row-p\">2.16<\/td>\n<\/tr>\n<tr>\n<td class=\"row-h\">M10<\/td>\n<td class=\"row-p\">11<\/td>\n<td class=\"row-p\">20<\/td>\n<td class=\"row-p\">2.5<\/td>\n<td class=\"row-p\">4.3<\/td>\n<\/tr>\n<tr>\n<td class=\"row-h\">M12<\/td>\n<td class=\"row-p\">13<\/td>\n<td class=\"row-p\">25<\/td>\n<td class=\"row-p\">3<\/td>\n<td class=\"row-p\">8.43<\/td>\n<\/tr>\n<tr>\n<td class=\"row-h\">M13<\/td>\n<td class=\"row-p\">14<\/td>\n<td class=\"row-p\">25<\/td>\n<td class=\"row-p\">3<\/td>\n<td class=\"row-p\">7.94<\/td>\n<\/tr>\n<tr>\n<td class=\"row-h\">M14<\/td>\n<td class=\"row-p\">15<\/td>\n<td class=\"row-p\">28<\/td>\n<td class=\"row-p\">3<\/td>\n<td class=\"row-p\">10.3<\/td>\n<\/tr>\n<tr>\n<td class=\"row-h\">M16<\/td>\n<td class=\"row-p\">17<\/td>\n<td class=\"row-p\">28<\/td>\n<td class=\"row-p\">3<\/td>\n<td class=\"row-p\">9.16<\/td>\n<\/tr>\n<tr>\n<td class=\"row-h\">M18<\/td>\n<td class=\"row-p\">19<\/td>\n<td class=\"row-p\">30<\/td>\n<td class=\"row-p\">4<\/td>\n<td class=\"row-p\">13.3<\/td>\n<\/tr>\n<tr>\n<td class=\"row-h\">M20<\/td>\n<td class=\"row-p\">21<\/td>\n<td class=\"row-p\">32<\/td>\n<td class=\"row-p\">4<\/td>\n<td class=\"row-p\">14.4<\/td>\n<\/tr>\n<tr>\n<td class=\"row-h\">M22<\/td>\n<td class=\"row-p\">23<\/td>\n<td class=\"row-p\">34<\/td>\n<td class=\"row-p\">4<\/td>\n<td class=\"row-p\">15.5<\/td>\n<\/tr>\n<\/tbody>\n<\/table>\n<p>&nbsp;<\/p>\n<table>\n<thead>\n<tr>\n<th class=\"col-h\">Bolt Diameter<\/th>\n<th>Nominal Diameter<\/th>\n<th>dc<\/th>\n<th>h<\/th>\n<th>Weight<\/th>\n<\/tr>\n<\/thead>\n<tbody>\n<tr>\n<td class=\"row-h\">M23<\/td>\n<td class=\"row-p\">24<\/td>\n<td class=\"row-p\">36<\/td>\n<td class=\"row-p\">4<\/td>\n<td class=\"row-p\">17.8<\/td>\n<\/tr>\n<tr>\n<td class=\"row-h\">M24<\/td>\n<td class=\"row-p\">25<\/td>\n<td class=\"row-p\">38<\/td>\n<td class=\"row-p\">4<\/td>\n<td class=\"row-p\">20<\/td>\n<\/tr>\n<tr>\n<td class=\"row-h\">M25<\/td>\n<td class=\"row-p\">26<\/td>\n<td class=\"row-p\">40<\/td>\n<td class=\"row-p\">4<\/td>\n<td class=\"row-p\">22.8<\/td>\n<\/tr>\n<tr>\n<td class=\"row-h\">M26<\/td>\n<td class=\"row-p\">27<\/td>\n<td class=\"row-p\">40<\/td>\n<td class=\"row-p\">5<\/td>\n<td class=\"row-p\">26.9<\/td>\n<\/tr>\n<tr>\n<td class=\"row-h\">M27<\/td>\n<td class=\"row-p\">28<\/td>\n<td class=\"row-p\">40<\/td>\n<td class=\"row-p\">5<\/td>\n<td class=\"row-p\">25<\/td>\n<\/tr>\n<tr>\n<td class=\"row-h\">M28<\/td>\n<td class=\"row-p\">29<\/td>\n<td class=\"row-p\">42<\/td>\n<td class=\"row-p\">5<\/td>\n<td class=\"row-p\">28.5<\/td>\n<\/tr>\n<tr>\n<td class=\"row-h\">M30<\/td>\n<td class=\"row-p\">31<\/td>\n<td class=\"row-p\">45<\/td>\n<td class=\"row-p\">5<\/td>\n<td class=\"row-p\">32.8<\/td>\n<\/tr>\n<tr>\n<td class=\"row-h\">M32 &#8211; M33<\/td>\n<td class=\"row-p\">34<\/td>\n<td class=\"row-p\">50<\/td>\n<td class=\"row-p\">5<\/td>\n<td class=\"row-p\">43.5<\/td>\n<\/tr>\n<tr>\n<td class=\"row-h\">M35 &#8211; M36<\/td>\n<td class=\"row-p\">37<\/td>\n<td class=\"row-p\">52<\/td>\n<td class=\"row-p\">6<\/td>\n<td class=\"row-p\">49.4<\/td>\n<\/tr>\n<tr>\n<td class=\"row-h\">M40<\/td>\n<td class=\"row-p\">41<\/td>\n<td class=\"row-p\">58<\/td>\n<td class=\"row-p\">6<\/td>\n<td class=\"row-p\">59.2<\/td>\n<\/tr>\n<tr>\n<td class=\"row-h\">M45<\/td>\n<td class=\"row-p\">46<\/td>\n<td class=\"row-p\">62<\/td>\n<td class=\"row-p\">7<\/td>\n<td class=\"row-p\">70.6<\/td>\n<\/tr>\n<tr>\n<td class=\"row-h\">M50<\/td>\n<td class=\"row-p\">51<\/td>\n<td class=\"row-p\">68<\/td>\n<td class=\"row-p\">8<\/td>\n<td class=\"row-p\">94.7<\/td>\n<\/tr>\n<\/tbody>\n<\/table>\n<p>&nbsp;<\/p>\n<table>\n<thead>\n<tr>\n<th class=\"col-h\">Bolt Diameter<\/th>\n<th>Nominal Diameter<\/th>\n<th>dc<\/th>\n<th>h<\/th>\n<th>Weight<\/th>\n<\/tr>\n<\/thead>\n<tbody>\n<tr>\n<td class=\"row-h\">M55<\/td>\n<td class=\"row-p\">56<\/td>\n<td class=\"row-p\">75<\/td>\n<td class=\"row-p\">9<\/td>\n<td class=\"row-p\">138<\/td>\n<\/tr>\n<tr>\n<td class=\"row-h\">M60<\/td>\n<td class=\"row-p\">62<\/td>\n<td class=\"row-p\">80<\/td>\n<td class=\"row-p\">9<\/td>\n<td class=\"row-p\">142<\/td>\n<\/tr>\n<tr>\n<td class=\"row-h\">M65<\/td>\n<td class=\"row-p\">68<\/td>\n<td class=\"row-p\">90<\/td>\n<td class=\"row-p\">9<\/td>\n<td class=\"row-p\">193<\/td>\n<\/tr>\n<tr>\n<td class=\"row-h\">M70<\/td>\n<td class=\"row-p\">72<\/td>\n<td class=\"row-p\">95<\/td>\n<td class=\"row-p\">10<\/td>\n<td class=\"row-p\">237<\/td>\n<\/tr>\n<tr>\n<td class=\"row-h\">M75<\/td>\n<td class=\"row-p\">78<\/td>\n<td class=\"row-p\">100<\/td>\n<td class=\"row-p\">10<\/td>\n<td class=\"row-p\">241<\/td>\n<\/tr>\n<tr>\n<td class=\"row-h\">M80<\/td>\n<td class=\"row-p\">82<\/td>\n<td class=\"row-p\">110<\/td>\n<td class=\"row-p\">12<\/td>\n<td class=\"row-p\">398<\/td>\n<\/tr>\n<tr>\n<td class=\"row-h\">M85<\/td>\n<td class=\"row-p\">86<\/td>\n<td class=\"row-p\">110<\/td>\n<td class=\"row-p\">12<\/td>\n<td class=\"row-p\">348<\/td>\n<\/tr>\n<tr>\n<td class=\"row-h\">M90<\/td>\n<td class=\"row-p\">92<\/td>\n<td class=\"row-p\">115<\/td>\n<td class=\"row-p\">12<\/td>\n<td class=\"row-p\">352<\/td>\n<\/tr>\n<tr>\n<td class=\"row-h\">M95<\/td>\n<td class=\"row-p\">98<\/td>\n<td class=\"row-p\">120<\/td>\n<td class=\"row-p\">12<\/td>\n<td class=\"row-p\">355<\/td>\n<\/tr>\n<tr>\n<td class=\"row-h\">M100<\/td>\n<td class=\"row-p\">102<\/td>\n<td class=\"row-p\">125<\/td>\n<td class=\"row-p\">14<\/td>\n<td class=\"row-p\">451<\/td>\n<\/tr>\n<\/tbody>\n<\/table>","protected":false},"excerpt":{"rendered":"<p><strong>DIN 1441 Flat Washer<\/strong><\/p>\n<p>Washer that is used with cotter pins.<\/p>\n<p><strong>Material<\/strong>: Material choice is of producer choice.<\/p>","protected":false},"featured_media":2056,"template":"","meta":[],"product_cat":[23],"product_tag":[47],"class_list":{"0":"post-1783","1":"product","2":"type-product","3":"status-publish","4":"has-post-thumbnail","6":"product_cat-rondela","7":"product_tag-din-1441","9":"first","10":"instock","11":"shipping-taxable","12":"product-type-simple"},"yoast_head":"<!-- This site is optimized with the Yoast SEO plugin v22.2 - https:\/\/yoast.com\/wordpress\/plugins\/seo\/ -->\n<title>DIN 1441 - Dem Metal Rondela \u0130malat\u0131 ve Ticareti<\/title>\n<meta name=\"robots\" content=\"index, follow, max-snippet:-1, max-image-preview:large, max-video-preview:-1\" \/>\n<link rel=\"canonical\" href=\"https:\/\/demmetal.com\/en\/urunler\/din-1441\/\" \/>\n<meta property=\"og:locale\" content=\"en_GB\" \/>\n<meta property=\"og:type\" content=\"article\" \/>\n<meta property=\"og:title\" content=\"DIN 1441 - Dem Metal Rondela \u0130malat\u0131 ve Ticareti\" \/>\n<meta property=\"og:description\" content=\"DIN 1441 D\u00fcz Rondela  \u00c7atal pimleriyle kullan\u0131lan rondelalard\u0131r.  Malzeme: Malzeme se\u00e7imi \u00fcretici se\u00e7imine b\u0131rak\u0131lm\u0131\u015ft\u0131r.\" \/>\n<meta property=\"og:url\" content=\"https:\/\/demmetal.com\/en\/urunler\/din-1441\/\" \/>\n<meta property=\"og:site_name\" content=\"Dem Metal\" \/>\n<meta property=\"article:publisher\" content=\"https:\/\/www.facebook.com\/demmetalrondela\" \/>\n<meta property=\"article:modified_time\" content=\"2024-03-08T11:35:10+00:00\" \/>\n<meta property=\"og:image\" content=\"https:\/\/demmetal.com\/wp-content\/uploads\/2024\/02\/din125-1.jpg\" \/>\n\t<meta property=\"og:image:width\" content=\"2160\" \/>\n\t<meta property=\"og:image:height\" content=\"2160\" \/>\n\t<meta property=\"og:image:type\" content=\"image\/jpeg\" \/>\n<meta name=\"twitter:card\" content=\"summary_large_image\" \/>\n<script type=\"application\/ld+json\" class=\"yoast-schema-graph\">{\"@context\":\"https:\/\/schema.org\",\"@graph\":[{\"@type\":\"WebPage\",\"@id\":\"https:\/\/demmetal.com\/urunler\/din-1441\/\",\"url\":\"https:\/\/demmetal.com\/urunler\/din-1441\/\",\"name\":\"DIN 1441 - Dem Metal Rondela \u0130malat\u0131 ve Ticareti\",\"isPartOf\":{\"@id\":\"https:\/\/demmetal.com\/#website\"},\"primaryImageOfPage\":{\"@id\":\"https:\/\/demmetal.com\/urunler\/din-1441\/#primaryimage\"},\"image\":{\"@id\":\"https:\/\/demmetal.com\/urunler\/din-1441\/#primaryimage\"},\"thumbnailUrl\":\"https:\/\/demmetal.com\/wp-content\/uploads\/2024\/02\/din125-1.jpg\",\"datePublished\":\"2024-02-07T12:49:51+00:00\",\"dateModified\":\"2024-03-08T11:35:10+00:00\",\"breadcrumb\":{\"@id\":\"https:\/\/demmetal.com\/urunler\/din-1441\/#breadcrumb\"},\"inLanguage\":\"en-GB\",\"potentialAction\":[{\"@type\":\"ReadAction\",\"target\":[\"https:\/\/demmetal.com\/urunler\/din-1441\/\"]}]},{\"@type\":\"ImageObject\",\"inLanguage\":\"en-GB\",\"@id\":\"https:\/\/demmetal.com\/urunler\/din-1441\/#primaryimage\",\"url\":\"https:\/\/demmetal.com\/wp-content\/uploads\/2024\/02\/din125-1.jpg\",\"contentUrl\":\"https:\/\/demmetal.com\/wp-content\/uploads\/2024\/02\/din125-1.jpg\",\"width\":2160,\"height\":2160},{\"@type\":\"BreadcrumbList\",\"@id\":\"https:\/\/demmetal.com\/urunler\/din-1441\/#breadcrumb\",\"itemListElement\":[{\"@type\":\"ListItem\",\"position\":1,\"name\":\"Anasayfa\",\"item\":\"https:\/\/demmetal.com\/\"},{\"@type\":\"ListItem\",\"position\":2,\"name\":\"\u00dcr\u00fcnler\",\"item\":\"https:\/\/demmetal.com\/urunler\/\"},{\"@type\":\"ListItem\",\"position\":3,\"name\":\"DIN 1441\"}]},{\"@type\":\"WebSite\",\"@id\":\"https:\/\/demmetal.com\/#website\",\"url\":\"https:\/\/demmetal.com\/\",\"name\":\"Dem Metal\",\"description\":\"Rondela \u0130malat\u0131 ve Ticareti\",\"publisher\":{\"@id\":\"https:\/\/demmetal.com\/#organization\"},\"potentialAction\":[{\"@type\":\"SearchAction\",\"target\":{\"@type\":\"EntryPoint\",\"urlTemplate\":\"https:\/\/demmetal.com\/?s={search_term_string}\"},\"query-input\":\"required name=search_term_string\"}],\"inLanguage\":\"en-GB\"},{\"@type\":\"Organization\",\"@id\":\"https:\/\/demmetal.com\/#organization\",\"name\":\"Dem Metal\",\"url\":\"https:\/\/demmetal.com\/\",\"logo\":{\"@type\":\"ImageObject\",\"inLanguage\":\"en-GB\",\"@id\":\"https:\/\/demmetal.com\/#\/schema\/logo\/image\/\",\"url\":\"https:\/\/demmetal.com\/wp-content\/uploads\/2024\/01\/demkoc-logo-son.png\",\"contentUrl\":\"https:\/\/demmetal.com\/wp-content\/uploads\/2024\/01\/demkoc-logo-son.png\",\"width\":1250,\"height\":330,\"caption\":\"Dem Metal\"},\"image\":{\"@id\":\"https:\/\/demmetal.com\/#\/schema\/logo\/image\/\"},\"sameAs\":[\"https:\/\/www.facebook.com\/demmetalrondela\",\"https:\/\/www.instagram.com\/demmetal\/\",\"https:\/\/www.linkedin.com\/company\/demmetal\/\"]}]}<\/script>\n<!-- \/ Yoast SEO plugin. -->","yoast_head_json":{"title":"DIN 1441 - Dem Metal Rondela \u0130malat\u0131 ve Ticareti","robots":{"index":"index","follow":"follow","max-snippet":"max-snippet:-1","max-image-preview":"max-image-preview:large","max-video-preview":"max-video-preview:-1"},"canonical":"https:\/\/demmetal.com\/en\/urunler\/din-1441\/","og_locale":"en_GB","og_type":"article","og_title":"DIN 1441 - Dem Metal Rondela \u0130malat\u0131 ve Ticareti","og_description":"DIN 1441 D\u00fcz Rondela  \u00c7atal pimleriyle kullan\u0131lan rondelalard\u0131r.  Malzeme: Malzeme se\u00e7imi \u00fcretici se\u00e7imine b\u0131rak\u0131lm\u0131\u015ft\u0131r.","og_url":"https:\/\/demmetal.com\/en\/urunler\/din-1441\/","og_site_name":"Dem Metal","article_publisher":"https:\/\/www.facebook.com\/demmetalrondela","article_modified_time":"2024-03-08T11:35:10+00:00","og_image":[{"width":2160,"height":2160,"url":"https:\/\/demmetal.com\/wp-content\/uploads\/2024\/02\/din125-1.jpg","type":"image\/jpeg"}],"twitter_card":"summary_large_image","schema":{"@context":"https:\/\/schema.org","@graph":[{"@type":"WebPage","@id":"https:\/\/demmetal.com\/urunler\/din-1441\/","url":"https:\/\/demmetal.com\/urunler\/din-1441\/","name":"DIN 1441 - Dem Metal Rondela \u0130malat\u0131 ve Ticareti","isPartOf":{"@id":"https:\/\/demmetal.com\/#website"},"primaryImageOfPage":{"@id":"https:\/\/demmetal.com\/urunler\/din-1441\/#primaryimage"},"image":{"@id":"https:\/\/demmetal.com\/urunler\/din-1441\/#primaryimage"},"thumbnailUrl":"https:\/\/demmetal.com\/wp-content\/uploads\/2024\/02\/din125-1.jpg","datePublished":"2024-02-07T12:49:51+00:00","dateModified":"2024-03-08T11:35:10+00:00","breadcrumb":{"@id":"https:\/\/demmetal.com\/urunler\/din-1441\/#breadcrumb"},"inLanguage":"en-GB","potentialAction":[{"@type":"ReadAction","target":["https:\/\/demmetal.com\/urunler\/din-1441\/"]}]},{"@type":"ImageObject","inLanguage":"en-GB","@id":"https:\/\/demmetal.com\/urunler\/din-1441\/#primaryimage","url":"https:\/\/demmetal.com\/wp-content\/uploads\/2024\/02\/din125-1.jpg","contentUrl":"https:\/\/demmetal.com\/wp-content\/uploads\/2024\/02\/din125-1.jpg","width":2160,"height":2160},{"@type":"BreadcrumbList","@id":"https:\/\/demmetal.com\/urunler\/din-1441\/#breadcrumb","itemListElement":[{"@type":"ListItem","position":1,"name":"Anasayfa","item":"https:\/\/demmetal.com\/"},{"@type":"ListItem","position":2,"name":"\u00dcr\u00fcnler","item":"https:\/\/demmetal.com\/urunler\/"},{"@type":"ListItem","position":3,"name":"DIN 1441"}]},{"@type":"WebSite","@id":"https:\/\/demmetal.com\/#website","url":"https:\/\/demmetal.com\/","name":"Dem Metal","description":"Rondela \u0130malat\u0131 ve Ticareti","publisher":{"@id":"https:\/\/demmetal.com\/#organization"},"potentialAction":[{"@type":"SearchAction","target":{"@type":"EntryPoint","urlTemplate":"https:\/\/demmetal.com\/?s={search_term_string}"},"query-input":"required name=search_term_string"}],"inLanguage":"en-GB"},{"@type":"Organization","@id":"https:\/\/demmetal.com\/#organization","name":"Dem Metal","url":"https:\/\/demmetal.com\/","logo":{"@type":"ImageObject","inLanguage":"en-GB","@id":"https:\/\/demmetal.com\/#\/schema\/logo\/image\/","url":"https:\/\/demmetal.com\/wp-content\/uploads\/2024\/01\/demkoc-logo-son.png","contentUrl":"https:\/\/demmetal.com\/wp-content\/uploads\/2024\/01\/demkoc-logo-son.png","width":1250,"height":330,"caption":"Dem Metal"},"image":{"@id":"https:\/\/demmetal.com\/#\/schema\/logo\/image\/"},"sameAs":["https:\/\/www.facebook.com\/demmetalrondela","https:\/\/www.instagram.com\/demmetal\/","https:\/\/www.linkedin.com\/company\/demmetal\/"]}]}},"_links":{"self":[{"href":"https:\/\/demmetal.com\/en\/wp-json\/wp\/v2\/product\/1783","targetHints":{"allow":["GET"]}}],"collection":[{"href":"https:\/\/demmetal.com\/en\/wp-json\/wp\/v2\/product"}],"about":[{"href":"https:\/\/demmetal.com\/en\/wp-json\/wp\/v2\/types\/product"}],"wp:featuredmedia":[{"embeddable":true,"href":"https:\/\/demmetal.com\/en\/wp-json\/wp\/v2\/media\/2056"}],"wp:attachment":[{"href":"https:\/\/demmetal.com\/en\/wp-json\/wp\/v2\/media?parent=1783"}],"wp:term":[{"taxonomy":"product_cat","embeddable":true,"href":"https:\/\/demmetal.com\/en\/wp-json\/wp\/v2\/product_cat?post=1783"},{"taxonomy":"product_tag","embeddable":true,"href":"https:\/\/demmetal.com\/en\/wp-json\/wp\/v2\/product_tag?post=1783"}],"curies":[{"name":"wp","href":"https:\/\/api.w.org\/{rel}","templated":true}]}}