{"id":1776,"date":"2024-02-07T12:34:41","date_gmt":"2024-02-07T12:34:41","guid":{"rendered":"https:\/\/demmetal.webcrix.com\/?post_type=product&#038;p=1776"},"modified":"2024-03-08T12:15:09","modified_gmt":"2024-03-08T12:15:09","slug":"iso-7092","status":"publish","type":"product","link":"https:\/\/demmetal.com\/en\/urunler\/iso-7092\/","title":{"rendered":"EN ISO7092"},"content":{"rendered":"<p><img decoding=\"async\" class=\"size-medium wp-image-2044 aligncenter\" src=\"https:\/\/demmetal.webcrix.com\/wp-content\/uploads\/2024\/02\/DEM-ISO-7092-300x145.png\" alt=\"\" width=\"300\" height=\"145\" srcset=\"https:\/\/demmetal.com\/wp-content\/uploads\/2024\/02\/DEM-ISO-7092-300x145.png 300w, https:\/\/demmetal.com\/wp-content\/uploads\/2024\/02\/DEM-ISO-7092-18x9.png 18w, https:\/\/demmetal.com\/wp-content\/uploads\/2024\/02\/DEM-ISO-7092.png 500w\" sizes=\"(max-width: 300px) 100vw, 300px\" \/><\/p>\n<p>&nbsp;<\/p>\n<table>\n<thead>\n<tr>\n<th rowspan=\"2\" class=\"col-h\">Nominal Diameter<\/th>\n<th colspan=\"2\">d<\/th>\n<th colspan=\"2\">dc<\/th>\n<th colspan=\"3\">h<\/th>\n<\/tr>\n<tr class=\"h-alt\">\n<th>(Min)<\/th>\n<th>(Max)<\/th>\n<th>(Min)<\/th>\n<th>(Max)<\/th>\n<th>Nominal Size<\/th>\n<th>(Min)<\/th>\n<th>(Max)<\/th>\n<\/tr>\n<\/thead>\n<tbody>\n<tr>\n<td class=\"row-h\"><a class=\"text-blue\">M8<\/a><\/td>\n<td class=\"row-p\">8.4<\/td>\n<td class=\"row-p\">8.62<\/td>\n<td class=\"row-p\">14.57<\/td>\n<td class=\"row-p\">15<\/td>\n<td class=\"row-p\">1.6<\/td>\n<td class=\"row-p\">1.4<\/td>\n<td class=\"row-p\">1.8<\/td>\n<\/tr>\n<tr>\n<td class=\"row-h\"><a class=\"text-blue\">M10<\/a><\/td>\n<td class=\"row-p\">10.5<\/td>\n<td class=\"row-p\">10.77<\/td>\n<td class=\"row-p\">17.57<\/td>\n<td class=\"row-p\">18<\/td>\n<td class=\"row-p\">1.6<\/td>\n<td class=\"row-p\">1.4<\/td>\n<td class=\"row-p\">1.8<\/td>\n<\/tr>\n<tr>\n<td class=\"row-h\"><a class=\"text-blue\">M12<\/a><\/td>\n<td class=\"row-p\">13<\/td>\n<td class=\"row-p\">13.27<\/td>\n<td class=\"row-p\">19.48<\/td>\n<td class=\"row-p\">20<\/td>\n<td class=\"row-p\">2<\/td>\n<td class=\"row-p\">1.8<\/td>\n<td class=\"row-p\">2.2<\/td>\n<\/tr>\n<tr>\n<td class=\"row-h\"><a class=\"text-blue\">M14<\/a><\/td>\n<td class=\"row-p\">15<\/td>\n<td class=\"row-p\">15.27<\/td>\n<td class=\"row-p\">23.48<\/td>\n<td class=\"row-p\">24<\/td>\n<td class=\"row-p\">2.5<\/td>\n<td class=\"row-p\">2.3<\/td>\n<td class=\"row-p\">2.7<\/td>\n<\/tr>\n<tr>\n<td class=\"row-h\"><a class=\"text-blue\">M16<\/a><\/td>\n<td class=\"row-p\">17<\/td>\n<td class=\"row-p\">17.27<\/td>\n<td class=\"row-p\">27.48<\/td>\n<td class=\"row-p\">28<\/td>\n<td class=\"row-p\">2.5<\/td>\n<td class=\"row-p\">2.3<\/td>\n<td class=\"row-p\">2.7<\/td>\n<\/tr>\n<tr>\n<td class=\"row-h\"><a class=\"text-blue\">M18<\/a><\/td>\n<td class=\"row-p\">19<\/td>\n<td class=\"row-p\">19.33<\/td>\n<td class=\"row-p\">29.48<\/td>\n<td class=\"row-p\">30<\/td>\n<td class=\"row-p\">3<\/td>\n<td class=\"row-p\">2.7<\/td>\n<td class=\"row-p\">3.3<\/td>\n<\/tr>\n<tr>\n<td class=\"row-h\"><a class=\"text-blue\">M20<\/a><\/td>\n<td class=\"row-p\">21<\/td>\n<td class=\"row-p\">21.33<\/td>\n<td class=\"row-p\">33.38<\/td>\n<td class=\"row-p\">34<\/td>\n<td class=\"row-p\">3<\/td>\n<td class=\"row-p\">2.7<\/td>\n<td class=\"row-p\">3.3<\/td>\n<\/tr>\n<tr>\n<td class=\"row-h\"><a class=\"text-blue\">M22<\/a><\/td>\n<td class=\"row-p\">23<\/td>\n<td class=\"row-p\">23.33<\/td>\n<td class=\"row-p\">36.38<\/td>\n<td class=\"row-p\">37<\/td>\n<td class=\"row-p\">3<\/td>\n<td class=\"row-p\">2.7<\/td>\n<td class=\"row-p\">3.3<\/td>\n<\/tr>\n<tr>\n<td class=\"row-h\"><a class=\"text-blue\">M24<\/a><\/td>\n<td class=\"row-p\">25<\/td>\n<td class=\"row-p\">25.33<\/td>\n<td class=\"row-p\">38.38<\/td>\n<td class=\"row-p\">39<\/td>\n<td class=\"row-p\">4<\/td>\n<td class=\"row-p\">3.7<\/td>\n<td class=\"row-p\">4.3<\/td>\n<\/tr>\n<tr>\n<td class=\"row-h\"><a class=\"text-blue\">M27<\/a><\/td>\n<td class=\"row-p\">28<\/td>\n<td class=\"row-p\">28.33<\/td>\n<td class=\"row-p\">43.38<\/td>\n<td class=\"row-p\">44<\/td>\n<td class=\"row-p\">4<\/td>\n<td class=\"row-p\">3.7<\/td>\n<td class=\"row-p\">4.3<\/td>\n<\/tr>\n<tr>\n<td class=\"row-h\"><a class=\"text-blue\">M30<\/a><\/td>\n<td class=\"row-p\">31<\/td>\n<td class=\"row-p\">31.39<\/td>\n<td class=\"row-p\">49.38<\/td>\n<td class=\"row-p\">50<\/td>\n<td class=\"row-p\">4<\/td>\n<td class=\"row-p\">3.7<\/td>\n<td class=\"row-p\">4.3<\/td>\n<\/tr>\n<tr>\n<td class=\"row-h\"><a class=\"text-blue\">M33<\/a><\/td>\n<td class=\"row-p\">34<\/td>\n<td class=\"row-p\">34.62<\/td>\n<td class=\"row-p\">54.8<\/td>\n<td class=\"row-p\">56<\/td>\n<td class=\"row-p\">5<\/td>\n<td class=\"row-p\">4.4<\/td>\n<td class=\"row-p\">5.6<\/td>\n<\/tr>\n<tr>\n<td class=\"row-h\"><a class=\"text-blue\">M36<\/a><\/td>\n<td class=\"row-p\">37<\/td>\n<td class=\"row-p\">37.62<\/td>\n<td class=\"row-p\">58.8<\/td>\n<td class=\"row-p\">60<\/td>\n<td class=\"row-p\">5<\/td>\n<td class=\"row-p\">4.4<\/td>\n<td class=\"row-p\">5.6<\/td>\n<\/tr>\n<\/tbody>\n<\/table>","protected":false},"excerpt":{"rendered":"<p><strong>ISO 7092 Wide Flat Washer<\/strong><\/p>\n<p>Used in bolts and nuts up to 250 HV of hardness.<br \/>\n<strong>Material<\/strong>: Steel (Material choice is of producer choice)<\/p>","protected":false},"featured_media":2058,"template":"","meta":[],"product_cat":[23],"product_tag":[56],"class_list":{"0":"post-1776","1":"product","2":"type-product","3":"status-publish","4":"has-post-thumbnail","6":"product_cat-rondela","7":"product_tag-en-iso7092","9":"first","10":"instock","11":"shipping-taxable","12":"product-type-simple"},"yoast_head":"<!-- This site is optimized with the Yoast SEO plugin v22.2 - https:\/\/yoast.com\/wordpress\/plugins\/seo\/ -->\n<title>EN ISO7092 - Dem Metal Rondela \u0130malat\u0131 ve Ticareti<\/title>\n<meta name=\"robots\" content=\"index, follow, max-snippet:-1, max-image-preview:large, max-video-preview:-1\" \/>\n<link rel=\"canonical\" href=\"https:\/\/demmetal.com\/en\/urunler\/iso-7092\/\" \/>\n<meta property=\"og:locale\" content=\"en_GB\" \/>\n<meta property=\"og:type\" content=\"article\" \/>\n<meta property=\"og:title\" content=\"EN ISO7092 - Dem Metal Rondela \u0130malat\u0131 ve Ticareti\" \/>\n<meta property=\"og:description\" content=\"ISO 7092 Kal\u0131n D\u00fcz\u00a0 Pul  250 HV sertli\u011fe kadar olan c\u0131vata ve vidalarla kullan\u0131l\u0131r. Malzeme: St.\u00e7elik (Malzeme se\u00e7imi \u00fcretici se\u00e7imine b\u0131rak\u0131lm\u0131\u015ft\u0131r)\" \/>\n<meta property=\"og:url\" content=\"https:\/\/demmetal.com\/en\/urunler\/iso-7092\/\" \/>\n<meta property=\"og:site_name\" content=\"Dem Metal\" \/>\n<meta property=\"article:publisher\" content=\"https:\/\/www.facebook.com\/demmetalrondela\" \/>\n<meta property=\"article:modified_time\" content=\"2024-03-08T12:15:09+00:00\" \/>\n<meta property=\"og:image\" content=\"https:\/\/demmetal.com\/wp-content\/uploads\/2024\/02\/din125-6.jpg\" \/>\n\t<meta property=\"og:image:width\" content=\"2160\" \/>\n\t<meta property=\"og:image:height\" content=\"2160\" \/>\n\t<meta property=\"og:image:type\" content=\"image\/jpeg\" \/>\n<meta name=\"twitter:card\" content=\"summary_large_image\" \/>\n<script type=\"application\/ld+json\" class=\"yoast-schema-graph\">{\"@context\":\"https:\/\/schema.org\",\"@graph\":[{\"@type\":\"WebPage\",\"@id\":\"https:\/\/demmetal.com\/urunler\/iso-7092\/\",\"url\":\"https:\/\/demmetal.com\/urunler\/iso-7092\/\",\"name\":\"EN ISO7092 - Dem Metal Rondela \u0130malat\u0131 ve Ticareti\",\"isPartOf\":{\"@id\":\"https:\/\/demmetal.com\/#website\"},\"primaryImageOfPage\":{\"@id\":\"https:\/\/demmetal.com\/urunler\/iso-7092\/#primaryimage\"},\"image\":{\"@id\":\"https:\/\/demmetal.com\/urunler\/iso-7092\/#primaryimage\"},\"thumbnailUrl\":\"https:\/\/demmetal.com\/wp-content\/uploads\/2024\/02\/din125-6.jpg\",\"datePublished\":\"2024-02-07T12:34:41+00:00\",\"dateModified\":\"2024-03-08T12:15:09+00:00\",\"breadcrumb\":{\"@id\":\"https:\/\/demmetal.com\/urunler\/iso-7092\/#breadcrumb\"},\"inLanguage\":\"en-GB\",\"potentialAction\":[{\"@type\":\"ReadAction\",\"target\":[\"https:\/\/demmetal.com\/urunler\/iso-7092\/\"]}]},{\"@type\":\"ImageObject\",\"inLanguage\":\"en-GB\",\"@id\":\"https:\/\/demmetal.com\/urunler\/iso-7092\/#primaryimage\",\"url\":\"https:\/\/demmetal.com\/wp-content\/uploads\/2024\/02\/din125-6.jpg\",\"contentUrl\":\"https:\/\/demmetal.com\/wp-content\/uploads\/2024\/02\/din125-6.jpg\",\"width\":2160,\"height\":2160},{\"@type\":\"BreadcrumbList\",\"@id\":\"https:\/\/demmetal.com\/urunler\/iso-7092\/#breadcrumb\",\"itemListElement\":[{\"@type\":\"ListItem\",\"position\":1,\"name\":\"Anasayfa\",\"item\":\"https:\/\/demmetal.com\/\"},{\"@type\":\"ListItem\",\"position\":2,\"name\":\"\u00dcr\u00fcnler\",\"item\":\"https:\/\/demmetal.com\/urunler\/\"},{\"@type\":\"ListItem\",\"position\":3,\"name\":\"EN ISO7092\"}]},{\"@type\":\"WebSite\",\"@id\":\"https:\/\/demmetal.com\/#website\",\"url\":\"https:\/\/demmetal.com\/\",\"name\":\"Dem Metal\",\"description\":\"Rondela \u0130malat\u0131 ve Ticareti\",\"publisher\":{\"@id\":\"https:\/\/demmetal.com\/#organization\"},\"potentialAction\":[{\"@type\":\"SearchAction\",\"target\":{\"@type\":\"EntryPoint\",\"urlTemplate\":\"https:\/\/demmetal.com\/?s={search_term_string}\"},\"query-input\":\"required name=search_term_string\"}],\"inLanguage\":\"en-GB\"},{\"@type\":\"Organization\",\"@id\":\"https:\/\/demmetal.com\/#organization\",\"name\":\"Dem Metal\",\"url\":\"https:\/\/demmetal.com\/\",\"logo\":{\"@type\":\"ImageObject\",\"inLanguage\":\"en-GB\",\"@id\":\"https:\/\/demmetal.com\/#\/schema\/logo\/image\/\",\"url\":\"https:\/\/demmetal.com\/wp-content\/uploads\/2024\/01\/demkoc-logo-son.png\",\"contentUrl\":\"https:\/\/demmetal.com\/wp-content\/uploads\/2024\/01\/demkoc-logo-son.png\",\"width\":1250,\"height\":330,\"caption\":\"Dem Metal\"},\"image\":{\"@id\":\"https:\/\/demmetal.com\/#\/schema\/logo\/image\/\"},\"sameAs\":[\"https:\/\/www.facebook.com\/demmetalrondela\",\"https:\/\/www.instagram.com\/demmetal\/\",\"https:\/\/www.linkedin.com\/company\/demmetal\/\"]}]}<\/script>\n<!-- \/ Yoast SEO plugin. -->","yoast_head_json":{"title":"EN ISO7092 - Dem Metal Rondela \u0130malat\u0131 ve Ticareti","robots":{"index":"index","follow":"follow","max-snippet":"max-snippet:-1","max-image-preview":"max-image-preview:large","max-video-preview":"max-video-preview:-1"},"canonical":"https:\/\/demmetal.com\/en\/urunler\/iso-7092\/","og_locale":"en_GB","og_type":"article","og_title":"EN ISO7092 - Dem Metal Rondela \u0130malat\u0131 ve Ticareti","og_description":"ISO 7092 Kal\u0131n D\u00fcz\u00a0 Pul  250 HV sertli\u011fe kadar olan c\u0131vata ve vidalarla kullan\u0131l\u0131r. Malzeme: St.\u00e7elik (Malzeme se\u00e7imi \u00fcretici se\u00e7imine b\u0131rak\u0131lm\u0131\u015ft\u0131r)","og_url":"https:\/\/demmetal.com\/en\/urunler\/iso-7092\/","og_site_name":"Dem Metal","article_publisher":"https:\/\/www.facebook.com\/demmetalrondela","article_modified_time":"2024-03-08T12:15:09+00:00","og_image":[{"width":2160,"height":2160,"url":"https:\/\/demmetal.com\/wp-content\/uploads\/2024\/02\/din125-6.jpg","type":"image\/jpeg"}],"twitter_card":"summary_large_image","schema":{"@context":"https:\/\/schema.org","@graph":[{"@type":"WebPage","@id":"https:\/\/demmetal.com\/urunler\/iso-7092\/","url":"https:\/\/demmetal.com\/urunler\/iso-7092\/","name":"EN ISO7092 - Dem Metal Rondela \u0130malat\u0131 ve Ticareti","isPartOf":{"@id":"https:\/\/demmetal.com\/#website"},"primaryImageOfPage":{"@id":"https:\/\/demmetal.com\/urunler\/iso-7092\/#primaryimage"},"image":{"@id":"https:\/\/demmetal.com\/urunler\/iso-7092\/#primaryimage"},"thumbnailUrl":"https:\/\/demmetal.com\/wp-content\/uploads\/2024\/02\/din125-6.jpg","datePublished":"2024-02-07T12:34:41+00:00","dateModified":"2024-03-08T12:15:09+00:00","breadcrumb":{"@id":"https:\/\/demmetal.com\/urunler\/iso-7092\/#breadcrumb"},"inLanguage":"en-GB","potentialAction":[{"@type":"ReadAction","target":["https:\/\/demmetal.com\/urunler\/iso-7092\/"]}]},{"@type":"ImageObject","inLanguage":"en-GB","@id":"https:\/\/demmetal.com\/urunler\/iso-7092\/#primaryimage","url":"https:\/\/demmetal.com\/wp-content\/uploads\/2024\/02\/din125-6.jpg","contentUrl":"https:\/\/demmetal.com\/wp-content\/uploads\/2024\/02\/din125-6.jpg","width":2160,"height":2160},{"@type":"BreadcrumbList","@id":"https:\/\/demmetal.com\/urunler\/iso-7092\/#breadcrumb","itemListElement":[{"@type":"ListItem","position":1,"name":"Anasayfa","item":"https:\/\/demmetal.com\/"},{"@type":"ListItem","position":2,"name":"\u00dcr\u00fcnler","item":"https:\/\/demmetal.com\/urunler\/"},{"@type":"ListItem","position":3,"name":"EN ISO7092"}]},{"@type":"WebSite","@id":"https:\/\/demmetal.com\/#website","url":"https:\/\/demmetal.com\/","name":"Dem Metal","description":"Rondela \u0130malat\u0131 ve Ticareti","publisher":{"@id":"https:\/\/demmetal.com\/#organization"},"potentialAction":[{"@type":"SearchAction","target":{"@type":"EntryPoint","urlTemplate":"https:\/\/demmetal.com\/?s={search_term_string}"},"query-input":"required name=search_term_string"}],"inLanguage":"en-GB"},{"@type":"Organization","@id":"https:\/\/demmetal.com\/#organization","name":"Dem Metal","url":"https:\/\/demmetal.com\/","logo":{"@type":"ImageObject","inLanguage":"en-GB","@id":"https:\/\/demmetal.com\/#\/schema\/logo\/image\/","url":"https:\/\/demmetal.com\/wp-content\/uploads\/2024\/01\/demkoc-logo-son.png","contentUrl":"https:\/\/demmetal.com\/wp-content\/uploads\/2024\/01\/demkoc-logo-son.png","width":1250,"height":330,"caption":"Dem Metal"},"image":{"@id":"https:\/\/demmetal.com\/#\/schema\/logo\/image\/"},"sameAs":["https:\/\/www.facebook.com\/demmetalrondela","https:\/\/www.instagram.com\/demmetal\/","https:\/\/www.linkedin.com\/company\/demmetal\/"]}]}},"_links":{"self":[{"href":"https:\/\/demmetal.com\/en\/wp-json\/wp\/v2\/product\/1776","targetHints":{"allow":["GET"]}}],"collection":[{"href":"https:\/\/demmetal.com\/en\/wp-json\/wp\/v2\/product"}],"about":[{"href":"https:\/\/demmetal.com\/en\/wp-json\/wp\/v2\/types\/product"}],"wp:featuredmedia":[{"embeddable":true,"href":"https:\/\/demmetal.com\/en\/wp-json\/wp\/v2\/media\/2058"}],"wp:attachment":[{"href":"https:\/\/demmetal.com\/en\/wp-json\/wp\/v2\/media?parent=1776"}],"wp:term":[{"taxonomy":"product_cat","embeddable":true,"href":"https:\/\/demmetal.com\/en\/wp-json\/wp\/v2\/product_cat?post=1776"},{"taxonomy":"product_tag","embeddable":true,"href":"https:\/\/demmetal.com\/en\/wp-json\/wp\/v2\/product_tag?post=1776"}],"curies":[{"name":"wp","href":"https:\/\/api.w.org\/{rel}","templated":true}]}}