{"id":1771,"date":"2024-02-07T12:28:14","date_gmt":"2024-02-07T12:28:14","guid":{"rendered":"https:\/\/demmetal.webcrix.com\/?post_type=product&#038;p=1771"},"modified":"2024-03-12T16:09:11","modified_gmt":"2024-03-12T16:09:11","slug":"en-14399-6","status":"publish","type":"product","link":"https:\/\/demmetal.com\/en\/urunler\/en-14399-6\/","title":{"rendered":"EN 14399-6"},"content":{"rendered":"<p><img fetchpriority=\"high\" decoding=\"async\" class=\"size-medium wp-image-2042 aligncenter\" src=\"https:\/\/demmetal.webcrix.com\/wp-content\/uploads\/2024\/02\/DEM-EN-14399-6-300x228.png\" alt=\"\" width=\"300\" height=\"228\" srcset=\"https:\/\/demmetal.com\/wp-content\/uploads\/2024\/02\/DEM-EN-14399-6-300x228.png 300w, https:\/\/demmetal.com\/wp-content\/uploads\/2024\/02\/DEM-EN-14399-6-16x12.png 16w, https:\/\/demmetal.com\/wp-content\/uploads\/2024\/02\/DEM-EN-14399-6.png 500w\" sizes=\"(max-width: 300px) 100vw, 300px\" \/><\/p>\n<p>&nbsp;<\/p>\n<p>&nbsp;<\/p>\n<table>\n<thead>\n<tr>\n<th class=\"col-h\" rowspan=\"2\">Nominal Thread Diameter<\/th>\n<th colspan=\"2\">d<\/th>\n<th colspan=\"2\">dc<\/th>\n<th colspan=\"2\">h<\/th>\n<th colspan=\"2\">e<\/th>\n<th colspan=\"2\">c<\/th>\n<th>Weight<\/th>\n<\/tr>\n<tr class=\"h-alt\">\n<th>(Min)<\/th>\n<th>(Max)<\/th>\n<th>(Min)<\/th>\n<th>(Max)<\/th>\n<th>(Min)<\/th>\n<th>(Max)<\/th>\n<th>(Min)<\/th>\n<th>(Max)<\/th>\n<th>(Min)<\/th>\n<th>(Max)<\/th>\n<th>(Kg\/1000 pcs)<\/th>\n<\/tr>\n<\/thead>\n<tbody>\n<tr>\n<td class=\"row-h\">M12<\/td>\n<td class=\"row-p\">13<\/td>\n<td class=\"row-p\">13.27<\/td>\n<td class=\"row-p\">23.48<\/td>\n<td class=\"row-p\">24<\/td>\n<td class=\"row-p\">2.7<\/td>\n<td class=\"row-p\">3.3<\/td>\n<td class=\"row-p\">0.5<\/td>\n<td class=\"row-p\">1<\/td>\n<td class=\"row-p\">1.6<\/td>\n<td class=\"row-p\">1.9<\/td>\n<td class=\"row-p\">7,030<\/td>\n<\/tr>\n<tr>\n<td class=\"row-h\">M14<\/td>\n<td class=\"row-p\">15<\/td>\n<td class=\"row-p\">15.27<\/td>\n<td class=\"row-p\">27.48<\/td>\n<td class=\"row-p\">28<\/td>\n<td class=\"row-p\">2.7<\/td>\n<td class=\"row-p\">3.3<\/td>\n<td class=\"row-p\">0.5<\/td>\n<td class=\"row-p\">1<\/td>\n<td class=\"row-p\">1.6<\/td>\n<td class=\"row-p\">1.9<\/td>\n<td class=\"row-p\">11,00<\/td>\n<\/tr>\n<tr>\n<td class=\"row-h\">M16<\/td>\n<td class=\"row-p\">17<\/td>\n<td class=\"row-p\">17.27<\/td>\n<td class=\"row-p\">29.48<\/td>\n<td class=\"row-p\">30<\/td>\n<td class=\"row-p\">3.7<\/td>\n<td class=\"row-p\">4.3<\/td>\n<td class=\"row-p\">0.75<\/td>\n<td class=\"row-p\">1.5<\/td>\n<td class=\"row-p\">1.6<\/td>\n<td class=\"row-p\">1.9<\/td>\n<td class=\"row-p\">14,60<\/td>\n<\/tr>\n<tr>\n<td class=\"row-h\">M18<\/td>\n<td class=\"row-p\">19<\/td>\n<td class=\"row-p\">19.33<\/td>\n<td class=\"row-p\">33.38<\/td>\n<td class=\"row-p\">34<\/td>\n<td class=\"row-p\">3.7<\/td>\n<td class=\"row-p\">4.3<\/td>\n<td class=\"row-p\">0.75<\/td>\n<td class=\"row-p\">1.5<\/td>\n<td class=\"row-p\">2<\/td>\n<td class=\"row-p\">2.5<\/td>\n<td class=\"row-p\">17,50<\/td>\n<\/tr>\n<tr>\n<td class=\"row-h\">M20<\/td>\n<td class=\"row-p\">21<\/td>\n<td class=\"row-p\">21.33<\/td>\n<td class=\"row-p\">36.38<\/td>\n<td class=\"row-p\">37<\/td>\n<td class=\"row-p\">3.7<\/td>\n<td class=\"row-p\">4.3<\/td>\n<td class=\"row-p\">0.75<\/td>\n<td class=\"row-p\">1.5<\/td>\n<td class=\"row-p\">2<\/td>\n<td class=\"row-p\">2.5<\/td>\n<td class=\"row-p\">19,60<\/td>\n<\/tr>\n<tr>\n<td class=\"row-h\">M22<\/td>\n<td class=\"row-p\">23<\/td>\n<td class=\"row-p\">23.33<\/td>\n<td class=\"row-p\">38.38<\/td>\n<td class=\"row-p\">39<\/td>\n<td class=\"row-p\">3.7<\/td>\n<td class=\"row-p\">4.3<\/td>\n<td class=\"row-p\">0.75<\/td>\n<td class=\"row-p\">1.5<\/td>\n<td class=\"row-p\">2<\/td>\n<td class=\"row-p\">2.5<\/td>\n<td class=\"row-p\">24,30<\/td>\n<\/tr>\n<tr>\n<td class=\"row-h\">M24<\/td>\n<td class=\"row-p\">25<\/td>\n<td class=\"row-p\">25.33<\/td>\n<td class=\"row-p\">43.38<\/td>\n<td class=\"row-p\">44<\/td>\n<td class=\"row-p\">3.7<\/td>\n<td class=\"row-p\">4.3<\/td>\n<td class=\"row-p\">0.75<\/td>\n<td class=\"row-p\">1.5<\/td>\n<td class=\"row-p\">2<\/td>\n<td class=\"row-p\">2.5<\/td>\n<td class=\"row-p\">30,60<\/td>\n<\/tr>\n<tr>\n<td class=\"row-h\">M27<\/td>\n<td class=\"row-p\">28<\/td>\n<td class=\"row-p\">28.52<\/td>\n<td class=\"row-p\">49<\/td>\n<td class=\"row-p\">50<\/td>\n<td class=\"row-p\">4.4<\/td>\n<td class=\"row-p\">5.6<\/td>\n<td class=\"row-p\">1<\/td>\n<td class=\"row-p\">2<\/td>\n<td class=\"row-p\">2.5<\/td>\n<td class=\"row-p\">3<\/td>\n<td class=\"row-p\">50,20<\/td>\n<\/tr>\n<tr>\n<td class=\"row-h\">M30<\/td>\n<td class=\"row-p\">31<\/td>\n<td class=\"row-p\">31.62<\/td>\n<td class=\"row-p\">54.80<\/td>\n<td class=\"row-p\">56<\/td>\n<td class=\"row-p\">4.4<\/td>\n<td class=\"row-p\">5.6<\/td>\n<td class=\"row-p\">1<\/td>\n<td class=\"row-p\">2<\/td>\n<td class=\"row-p\">2.5<\/td>\n<td class=\"row-p\">3<\/td>\n<td class=\"row-p\">63,20<\/td>\n<\/tr>\n<tr>\n<td class=\"row-h\">M33<\/td>\n<td class=\"row-p\">34<\/td>\n<td class=\"row-p\">34.62<\/td>\n<td class=\"row-p\">58.80<\/td>\n<td class=\"row-p\">60<\/td>\n<td class=\"row-p\">4.4<\/td>\n<td class=\"row-p\">5.6<\/td>\n<td class=\"row-p\">1<\/td>\n<td class=\"row-p\">2<\/td>\n<td class=\"row-p\">2.5<\/td>\n<td class=\"row-p\">3<\/td>\n<td class=\"row-p\">79,00<\/td>\n<\/tr>\n<tr>\n<td class=\"row-h\">M36<\/td>\n<td class=\"row-p\">37<\/td>\n<td class=\"row-p\">37.62<\/td>\n<td class=\"row-p\">64.80<\/td>\n<td class=\"row-p\">66<\/td>\n<td class=\"row-p\">5.4<\/td>\n<td class=\"row-p\">6.6<\/td>\n<td class=\"row-p\">1.25<\/td>\n<td class=\"row-p\">2.5<\/td>\n<td class=\"row-p\">2.5<\/td>\n<td class=\"row-p\">3<\/td>\n<td class=\"row-p\">102,0<\/td>\n<\/tr>\n<\/tbody>\n<\/table>","protected":false},"excerpt":{"rendered":"<p><strong>EN 14399-6 Steel Construction Washer<\/strong><\/p>\n<p>Heat treated, countersunk washer that is used for high strength bolts used in steel construction. Mostly used with EN 14399-3 bolt and DIN 14399-4 nuts.<\/p>\n<p><strong>Hardness Class:<\/strong> 295-350 HV10<\/p>","protected":false},"featured_media":2065,"template":"","meta":[],"product_cat":[23],"product_tag":[40],"class_list":{"0":"post-1771","1":"product","2":"type-product","3":"status-publish","4":"has-post-thumbnail","6":"product_cat-rondela","7":"product_tag-en-14399-6","9":"first","10":"instock","11":"shipping-taxable","12":"product-type-simple"},"yoast_head":"<!-- This site is optimized with the Yoast SEO plugin v22.2 - https:\/\/yoast.com\/wordpress\/plugins\/seo\/ -->\n<title>EN 14399-6 - Dem Metal Rondela \u0130malat\u0131 ve Ticareti<\/title>\n<meta name=\"robots\" content=\"index, follow, max-snippet:-1, max-image-preview:large, max-video-preview:-1\" \/>\n<link rel=\"canonical\" href=\"https:\/\/demmetal.com\/en\/urunler\/en-14399-6\/\" \/>\n<meta property=\"og:locale\" content=\"en_GB\" \/>\n<meta property=\"og:type\" content=\"article\" \/>\n<meta property=\"og:title\" content=\"EN 14399-6 - Dem Metal Rondela \u0130malat\u0131 ve Ticareti\" \/>\n<meta property=\"og:description\" content=\"EN 14399-6 \u00c7elik Konstr\u00fcksiyonu Pulu  \u00c7elik konstr\u00fcksiyon yap\u0131larda kullan\u0131lan y\u00fcksek mukavemetli civatalar i\u00e7in kullan\u0131lan hav\u015fal\u0131 \u0131s\u0131l i\u015flem g\u00f6rm\u00fc\u015f rondelad\u0131r. Genellikle EN 14399-3 c\u0131vata ve EN 14399-4 somunlarla birlikte kullan\u0131l\u0131r.  Sertlik S\u0131n\u0131f\u0131: 295-350 HV10\" \/>\n<meta property=\"og:url\" content=\"https:\/\/demmetal.com\/en\/urunler\/en-14399-6\/\" \/>\n<meta property=\"og:site_name\" content=\"Dem Metal\" \/>\n<meta property=\"article:publisher\" content=\"https:\/\/www.facebook.com\/demmetalrondela\" \/>\n<meta property=\"article:modified_time\" content=\"2024-03-12T16:09:11+00:00\" \/>\n<meta property=\"og:image\" content=\"https:\/\/demmetal.com\/wp-content\/uploads\/2024\/02\/en14396-6.jpg\" \/>\n\t<meta property=\"og:image:width\" content=\"2160\" \/>\n\t<meta property=\"og:image:height\" content=\"2160\" \/>\n\t<meta property=\"og:image:type\" content=\"image\/jpeg\" \/>\n<meta name=\"twitter:card\" content=\"summary_large_image\" \/>\n<script type=\"application\/ld+json\" class=\"yoast-schema-graph\">{\"@context\":\"https:\/\/schema.org\",\"@graph\":[{\"@type\":\"WebPage\",\"@id\":\"https:\/\/demmetal.com\/urunler\/en-14399-6\/\",\"url\":\"https:\/\/demmetal.com\/urunler\/en-14399-6\/\",\"name\":\"EN 14399-6 - Dem Metal Rondela \u0130malat\u0131 ve Ticareti\",\"isPartOf\":{\"@id\":\"https:\/\/demmetal.com\/#website\"},\"primaryImageOfPage\":{\"@id\":\"https:\/\/demmetal.com\/urunler\/en-14399-6\/#primaryimage\"},\"image\":{\"@id\":\"https:\/\/demmetal.com\/urunler\/en-14399-6\/#primaryimage\"},\"thumbnailUrl\":\"https:\/\/demmetal.com\/wp-content\/uploads\/2024\/02\/en14396-6.jpg\",\"datePublished\":\"2024-02-07T12:28:14+00:00\",\"dateModified\":\"2024-03-12T16:09:11+00:00\",\"breadcrumb\":{\"@id\":\"https:\/\/demmetal.com\/urunler\/en-14399-6\/#breadcrumb\"},\"inLanguage\":\"en-GB\",\"potentialAction\":[{\"@type\":\"ReadAction\",\"target\":[\"https:\/\/demmetal.com\/urunler\/en-14399-6\/\"]}]},{\"@type\":\"ImageObject\",\"inLanguage\":\"en-GB\",\"@id\":\"https:\/\/demmetal.com\/urunler\/en-14399-6\/#primaryimage\",\"url\":\"https:\/\/demmetal.com\/wp-content\/uploads\/2024\/02\/en14396-6.jpg\",\"contentUrl\":\"https:\/\/demmetal.com\/wp-content\/uploads\/2024\/02\/en14396-6.jpg\",\"width\":2160,\"height\":2160},{\"@type\":\"BreadcrumbList\",\"@id\":\"https:\/\/demmetal.com\/urunler\/en-14399-6\/#breadcrumb\",\"itemListElement\":[{\"@type\":\"ListItem\",\"position\":1,\"name\":\"Anasayfa\",\"item\":\"https:\/\/demmetal.com\/\"},{\"@type\":\"ListItem\",\"position\":2,\"name\":\"\u00dcr\u00fcnler\",\"item\":\"https:\/\/demmetal.com\/urunler\/\"},{\"@type\":\"ListItem\",\"position\":3,\"name\":\"EN 14399-6\"}]},{\"@type\":\"WebSite\",\"@id\":\"https:\/\/demmetal.com\/#website\",\"url\":\"https:\/\/demmetal.com\/\",\"name\":\"Dem Metal\",\"description\":\"Rondela \u0130malat\u0131 ve Ticareti\",\"publisher\":{\"@id\":\"https:\/\/demmetal.com\/#organization\"},\"potentialAction\":[{\"@type\":\"SearchAction\",\"target\":{\"@type\":\"EntryPoint\",\"urlTemplate\":\"https:\/\/demmetal.com\/?s={search_term_string}\"},\"query-input\":\"required name=search_term_string\"}],\"inLanguage\":\"en-GB\"},{\"@type\":\"Organization\",\"@id\":\"https:\/\/demmetal.com\/#organization\",\"name\":\"Dem Metal\",\"url\":\"https:\/\/demmetal.com\/\",\"logo\":{\"@type\":\"ImageObject\",\"inLanguage\":\"en-GB\",\"@id\":\"https:\/\/demmetal.com\/#\/schema\/logo\/image\/\",\"url\":\"https:\/\/demmetal.com\/wp-content\/uploads\/2024\/01\/demkoc-logo-son.png\",\"contentUrl\":\"https:\/\/demmetal.com\/wp-content\/uploads\/2024\/01\/demkoc-logo-son.png\",\"width\":1250,\"height\":330,\"caption\":\"Dem Metal\"},\"image\":{\"@id\":\"https:\/\/demmetal.com\/#\/schema\/logo\/image\/\"},\"sameAs\":[\"https:\/\/www.facebook.com\/demmetalrondela\",\"https:\/\/www.instagram.com\/demmetal\/\",\"https:\/\/www.linkedin.com\/company\/demmetal\/\"]}]}<\/script>\n<!-- \/ Yoast SEO plugin. -->","yoast_head_json":{"title":"EN 14399-6 - Dem Metal Rondela \u0130malat\u0131 ve Ticareti","robots":{"index":"index","follow":"follow","max-snippet":"max-snippet:-1","max-image-preview":"max-image-preview:large","max-video-preview":"max-video-preview:-1"},"canonical":"https:\/\/demmetal.com\/en\/urunler\/en-14399-6\/","og_locale":"en_GB","og_type":"article","og_title":"EN 14399-6 - Dem Metal Rondela \u0130malat\u0131 ve Ticareti","og_description":"EN 14399-6 \u00c7elik Konstr\u00fcksiyonu Pulu  \u00c7elik konstr\u00fcksiyon yap\u0131larda kullan\u0131lan y\u00fcksek mukavemetli civatalar i\u00e7in kullan\u0131lan hav\u015fal\u0131 \u0131s\u0131l i\u015flem g\u00f6rm\u00fc\u015f rondelad\u0131r. Genellikle EN 14399-3 c\u0131vata ve EN 14399-4 somunlarla birlikte kullan\u0131l\u0131r.  Sertlik S\u0131n\u0131f\u0131: 295-350 HV10","og_url":"https:\/\/demmetal.com\/en\/urunler\/en-14399-6\/","og_site_name":"Dem Metal","article_publisher":"https:\/\/www.facebook.com\/demmetalrondela","article_modified_time":"2024-03-12T16:09:11+00:00","og_image":[{"width":2160,"height":2160,"url":"https:\/\/demmetal.com\/wp-content\/uploads\/2024\/02\/en14396-6.jpg","type":"image\/jpeg"}],"twitter_card":"summary_large_image","schema":{"@context":"https:\/\/schema.org","@graph":[{"@type":"WebPage","@id":"https:\/\/demmetal.com\/urunler\/en-14399-6\/","url":"https:\/\/demmetal.com\/urunler\/en-14399-6\/","name":"EN 14399-6 - Dem Metal Rondela \u0130malat\u0131 ve Ticareti","isPartOf":{"@id":"https:\/\/demmetal.com\/#website"},"primaryImageOfPage":{"@id":"https:\/\/demmetal.com\/urunler\/en-14399-6\/#primaryimage"},"image":{"@id":"https:\/\/demmetal.com\/urunler\/en-14399-6\/#primaryimage"},"thumbnailUrl":"https:\/\/demmetal.com\/wp-content\/uploads\/2024\/02\/en14396-6.jpg","datePublished":"2024-02-07T12:28:14+00:00","dateModified":"2024-03-12T16:09:11+00:00","breadcrumb":{"@id":"https:\/\/demmetal.com\/urunler\/en-14399-6\/#breadcrumb"},"inLanguage":"en-GB","potentialAction":[{"@type":"ReadAction","target":["https:\/\/demmetal.com\/urunler\/en-14399-6\/"]}]},{"@type":"ImageObject","inLanguage":"en-GB","@id":"https:\/\/demmetal.com\/urunler\/en-14399-6\/#primaryimage","url":"https:\/\/demmetal.com\/wp-content\/uploads\/2024\/02\/en14396-6.jpg","contentUrl":"https:\/\/demmetal.com\/wp-content\/uploads\/2024\/02\/en14396-6.jpg","width":2160,"height":2160},{"@type":"BreadcrumbList","@id":"https:\/\/demmetal.com\/urunler\/en-14399-6\/#breadcrumb","itemListElement":[{"@type":"ListItem","position":1,"name":"Anasayfa","item":"https:\/\/demmetal.com\/"},{"@type":"ListItem","position":2,"name":"\u00dcr\u00fcnler","item":"https:\/\/demmetal.com\/urunler\/"},{"@type":"ListItem","position":3,"name":"EN 14399-6"}]},{"@type":"WebSite","@id":"https:\/\/demmetal.com\/#website","url":"https:\/\/demmetal.com\/","name":"Dem Metal","description":"Rondela \u0130malat\u0131 ve Ticareti","publisher":{"@id":"https:\/\/demmetal.com\/#organization"},"potentialAction":[{"@type":"SearchAction","target":{"@type":"EntryPoint","urlTemplate":"https:\/\/demmetal.com\/?s={search_term_string}"},"query-input":"required name=search_term_string"}],"inLanguage":"en-GB"},{"@type":"Organization","@id":"https:\/\/demmetal.com\/#organization","name":"Dem Metal","url":"https:\/\/demmetal.com\/","logo":{"@type":"ImageObject","inLanguage":"en-GB","@id":"https:\/\/demmetal.com\/#\/schema\/logo\/image\/","url":"https:\/\/demmetal.com\/wp-content\/uploads\/2024\/01\/demkoc-logo-son.png","contentUrl":"https:\/\/demmetal.com\/wp-content\/uploads\/2024\/01\/demkoc-logo-son.png","width":1250,"height":330,"caption":"Dem Metal"},"image":{"@id":"https:\/\/demmetal.com\/#\/schema\/logo\/image\/"},"sameAs":["https:\/\/www.facebook.com\/demmetalrondela","https:\/\/www.instagram.com\/demmetal\/","https:\/\/www.linkedin.com\/company\/demmetal\/"]}]}},"_links":{"self":[{"href":"https:\/\/demmetal.com\/en\/wp-json\/wp\/v2\/product\/1771","targetHints":{"allow":["GET"]}}],"collection":[{"href":"https:\/\/demmetal.com\/en\/wp-json\/wp\/v2\/product"}],"about":[{"href":"https:\/\/demmetal.com\/en\/wp-json\/wp\/v2\/types\/product"}],"wp:featuredmedia":[{"embeddable":true,"href":"https:\/\/demmetal.com\/en\/wp-json\/wp\/v2\/media\/2065"}],"wp:attachment":[{"href":"https:\/\/demmetal.com\/en\/wp-json\/wp\/v2\/media?parent=1771"}],"wp:term":[{"taxonomy":"product_cat","embeddable":true,"href":"https:\/\/demmetal.com\/en\/wp-json\/wp\/v2\/product_cat?post=1771"},{"taxonomy":"product_tag","embeddable":true,"href":"https:\/\/demmetal.com\/en\/wp-json\/wp\/v2\/product_tag?post=1771"}],"curies":[{"name":"wp","href":"https:\/\/api.w.org\/{rel}","templated":true}]}}