{"id":1280,"date":"2024-01-26T13:44:24","date_gmt":"2024-01-26T13:44:24","guid":{"rendered":"https:\/\/demmetal.webcrix.com\/?post_type=product&#038;p=1280"},"modified":"2024-03-08T10:56:45","modified_gmt":"2024-03-08T10:56:45","slug":"en-iso7093","status":"publish","type":"product","link":"https:\/\/demmetal.com\/en\/urunler\/en-iso7093\/","title":{"rendered":"EN ISO7093"},"content":{"rendered":"<div style=\"display: flex; justify-content: center; padding: 25px;\"><img fetchpriority=\"high\" decoding=\"async\" class=\"alignnone wp-image-1301 size-full\" src=\"https:\/\/demmetal.webcrix.com\/wp-content\/uploads\/2024\/01\/ISO7093-e1706516020712.jpg\" alt=\"ISO7093\" width=\"768\" height=\"320\" srcset=\"https:\/\/demmetal.com\/wp-content\/uploads\/2024\/01\/ISO7093-e1706516020712.jpg 768w, https:\/\/demmetal.com\/wp-content\/uploads\/2024\/01\/ISO7093-e1706516020712-600x250.jpg 600w, https:\/\/demmetal.com\/wp-content\/uploads\/2024\/01\/ISO7093-e1706516020712-300x125.jpg 300w, https:\/\/demmetal.com\/wp-content\/uploads\/2024\/01\/ISO7093-e1706516020712-18x8.jpg 18w\" sizes=\"(max-width: 768px) 100vw, 768px\" \/><\/div>\n<table>\n<thead>\n<tr>\n<th class=\"col-h\" rowspan=\"2\">Thread Diameter<\/th>\n<th colspan=\"2\">d1<\/th>\n<th colspan=\"2\">d2<\/th>\n<th colspan=\"3\">h<\/th>\n<th>Weight<\/th>\n<\/tr>\n<tr class=\"h-alt\">\n<th>(Min)<\/th>\n<th>(Max)<\/th>\n<th>(Max)<\/th>\n<th>(Min)<\/th>\n<th>(NOM)<\/th>\n<th>(Min)<\/th>\n<th>(Max)<\/th>\n<th>(Kg\/1000 pcs)<\/th>\n<\/tr>\n<\/thead>\n<tbody>\n<tr>\n<td class=\"row-h\">M8<\/td>\n<td class=\"row-p\">8,4<\/td>\n<td class=\"row-p\">8,62<\/td>\n<td class=\"row-p\">24,0<\/td>\n<td class=\"row-p\">23,48<\/td>\n<td class=\"row-p\">2,00<\/td>\n<td class=\"row-p\">1,80<\/td>\n<td class=\"row-p\">2,20<\/td>\n<td class=\"row-p\">6,230<\/td>\n<\/tr>\n<tr>\n<td class=\"row-h\">M10<\/td>\n<td class=\"row-p\">10,5<\/td>\n<td class=\"row-p\">10,77<\/td>\n<td class=\"row-p\">30,0<\/td>\n<td class=\"row-p\">29,48<\/td>\n<td class=\"row-p\">2,50<\/td>\n<td class=\"row-p\">2,30<\/td>\n<td class=\"row-p\">2,70<\/td>\n<td class=\"row-p\">12,20<\/td>\n<\/tr>\n<tr>\n<td class=\"row-h\">M12<\/td>\n<td class=\"row-p\">13,0<\/td>\n<td class=\"row-p\">13,27<\/td>\n<td class=\"row-p\">37,0<\/td>\n<td class=\"row-p\">36,38<\/td>\n<td class=\"row-p\">3,00<\/td>\n<td class=\"row-p\">2,70<\/td>\n<td class=\"row-p\">3,30<\/td>\n<td class=\"row-p\">22,20<\/td>\n<\/tr>\n<tr>\n<td class=\"row-h\">M14<\/td>\n<td class=\"row-p\">15,0<\/td>\n<td class=\"row-p\">15.27<\/td>\n<td class=\"row-p\">44,0<\/td>\n<td class=\"row-p\">43,38<\/td>\n<td class=\"row-p\">3,00<\/td>\n<td class=\"row-p\">2,70<\/td>\n<td class=\"row-p\">3,30<\/td>\n<td class=\"row-p\">31.60<\/td>\n<\/tr>\n<tr>\n<td class=\"row-h\">M16<\/td>\n<td class=\"row-p\">17,0<\/td>\n<td class=\"row-p\">17,27<\/td>\n<td class=\"row-p\">50,0<\/td>\n<td class=\"row-p\">49,38<\/td>\n<td class=\"row-p\">3,00<\/td>\n<td class=\"row-p\">2,70<\/td>\n<td class=\"row-p\">3,30<\/td>\n<td class=\"row-p\">40,90<\/td>\n<\/tr>\n<tr>\n<td class=\"row-h\">M18<\/td>\n<td class=\"row-p\">19<\/td>\n<td class=\"row-p\">19,33<\/td>\n<td class=\"row-p\">56,0<\/td>\n<td class=\"row-p\">55,26<\/td>\n<td class=\"row-p\">4,00<\/td>\n<td class=\"row-p\">3,70<\/td>\n<td class=\"row-p\">4,30<\/td>\n<td class=\"row-p\">68,40<\/td>\n<\/tr>\n<tr>\n<td class=\"row-h\">M20<\/td>\n<td class=\"row-p\">21<\/td>\n<td class=\"row-p\">21,33<\/td>\n<td class=\"row-p\">60,0<\/td>\n<td class=\"row-p\">59,26<\/td>\n<td class=\"row-p\">4,00<\/td>\n<td class=\"row-p\">3,70<\/td>\n<td class=\"row-p\">4,30<\/td>\n<td class=\"row-p\">77,90<\/td>\n<\/tr>\n<tr>\n<td class=\"row-h\">M24<\/td>\n<td class=\"row-p\">25<\/td>\n<td class=\"row-p\">25,52<\/td>\n<td class=\"row-p\">72,0<\/td>\n<td class=\"row-p\">70,80<\/td>\n<td class=\"row-p\">5,00<\/td>\n<td class=\"row-p\">4,40<\/td>\n<td class=\"row-p\">5,60<\/td>\n<td class=\"row-p\">141,0<\/td>\n<\/tr>\n<tr>\n<td class=\"row-h\">M30<\/td>\n<td class=\"row-p\">33,0<\/td>\n<td class=\"row-p\">33,62<\/td>\n<td class=\"row-p\">92,0<\/td>\n<td class=\"row-p\">90,60<\/td>\n<td class=\"row-p\">6,00<\/td>\n<td class=\"row-p\">5,40<\/td>\n<td class=\"row-p\">6,60<\/td>\n<td class=\"row-p\">273,0<\/td>\n<\/tr>\n<tr>\n<td class=\"row-h\">M36<\/td>\n<td class=\"row-p\">39,0<\/td>\n<td class=\"row-p\">39,62<\/td>\n<td class=\"row-p\">110,0<\/td>\n<td class=\"row-p\">108,60<\/td>\n<td class=\"row-p\">8,00<\/td>\n<td class=\"row-p\">7,00<\/td>\n<td class=\"row-p\">9,00<\/td>\n<td class=\"row-p\">520,0<\/td>\n<\/tr>\n<\/tbody>\n<\/table>\n<p>&nbsp;<\/p>","protected":false},"excerpt":{"rendered":"<p><strong>EN ISO 7093 Wide Washer<\/strong><\/p>\n<p>Washer that is used C product class hexagonal nuts that is up to 6 (including 6) and C product class hexagonal bolt and nuts that are up to 6.8 (including 6.8)<\/p>\n<p><strong>Material<\/strong>: Steel (Material choice is of producer choice)<\/p>","protected":false},"featured_media":2108,"template":"","meta":[],"product_cat":[23],"product_tag":[38],"class_list":{"0":"post-1280","1":"product","2":"type-product","3":"status-publish","4":"has-post-thumbnail","6":"product_cat-rondela","7":"product_tag-en-iso7093","9":"first","10":"instock","11":"shipping-taxable","12":"product-type-simple"},"yoast_head":"<!-- This site is optimized with the Yoast SEO plugin v22.2 - https:\/\/yoast.com\/wordpress\/plugins\/seo\/ -->\n<title>EN ISO7093 - Dem Metal Rondela \u0130malat\u0131 ve Ticareti<\/title>\n<meta name=\"robots\" content=\"index, follow, max-snippet:-1, max-image-preview:large, max-video-preview:-1\" \/>\n<link rel=\"canonical\" href=\"https:\/\/demmetal.com\/en\/urunler\/en-iso7093\/\" \/>\n<meta property=\"og:locale\" content=\"en_GB\" \/>\n<meta property=\"og:type\" content=\"article\" \/>\n<meta property=\"og:title\" content=\"EN ISO7093 - Dem Metal Rondela \u0130malat\u0131 ve Ticareti\" \/>\n<meta property=\"og:description\" content=\"EN ISO 7093 Geni\u015f Pul  6.8&#039;e kadar (6.8 dahil) \u00f6zellik s\u0131n\u0131flar\u0131nda \u00fcr\u00fcn s\u0131n\u0131f\u0131 C olan alt\u0131gen c\u0131vatalar ve vidalar ile 6&#039;ya kadar (6 dahil) \u00f6zellik s\u0131n\u0131flar\u0131nda \u00fcr\u00fcn s\u0131n\u0131f\u0131 C olan alt\u0131gen somunlarla kullan\u0131lan pullard\u0131r.  Malzeme: St.\u00e7elik (Malzeme se\u00e7imi \u00fcretici se\u00e7imine b\u0131rak\u0131lm\u0131\u015ft\u0131r)\" \/>\n<meta property=\"og:url\" content=\"https:\/\/demmetal.com\/en\/urunler\/en-iso7093\/\" \/>\n<meta property=\"og:site_name\" content=\"Dem Metal\" \/>\n<meta property=\"article:publisher\" content=\"https:\/\/www.facebook.com\/demmetalrondela\" \/>\n<meta property=\"article:modified_time\" content=\"2024-03-08T10:56:45+00:00\" \/>\n<meta property=\"og:image\" content=\"https:\/\/demmetal.com\/wp-content\/uploads\/2024\/02\/genis-pul.jpg\" \/>\n\t<meta property=\"og:image:width\" content=\"2160\" \/>\n\t<meta property=\"og:image:height\" content=\"2160\" \/>\n\t<meta property=\"og:image:type\" content=\"image\/jpeg\" \/>\n<meta name=\"twitter:card\" content=\"summary_large_image\" \/>\n<script type=\"application\/ld+json\" class=\"yoast-schema-graph\">{\"@context\":\"https:\/\/schema.org\",\"@graph\":[{\"@type\":\"WebPage\",\"@id\":\"https:\/\/demmetal.com\/urunler\/en-iso7093\/\",\"url\":\"https:\/\/demmetal.com\/urunler\/en-iso7093\/\",\"name\":\"EN ISO7093 - Dem Metal Rondela \u0130malat\u0131 ve Ticareti\",\"isPartOf\":{\"@id\":\"https:\/\/demmetal.com\/#website\"},\"primaryImageOfPage\":{\"@id\":\"https:\/\/demmetal.com\/urunler\/en-iso7093\/#primaryimage\"},\"image\":{\"@id\":\"https:\/\/demmetal.com\/urunler\/en-iso7093\/#primaryimage\"},\"thumbnailUrl\":\"https:\/\/demmetal.com\/wp-content\/uploads\/2024\/02\/genis-pul.jpg\",\"datePublished\":\"2024-01-26T13:44:24+00:00\",\"dateModified\":\"2024-03-08T10:56:45+00:00\",\"breadcrumb\":{\"@id\":\"https:\/\/demmetal.com\/urunler\/en-iso7093\/#breadcrumb\"},\"inLanguage\":\"en-GB\",\"potentialAction\":[{\"@type\":\"ReadAction\",\"target\":[\"https:\/\/demmetal.com\/urunler\/en-iso7093\/\"]}]},{\"@type\":\"ImageObject\",\"inLanguage\":\"en-GB\",\"@id\":\"https:\/\/demmetal.com\/urunler\/en-iso7093\/#primaryimage\",\"url\":\"https:\/\/demmetal.com\/wp-content\/uploads\/2024\/02\/genis-pul.jpg\",\"contentUrl\":\"https:\/\/demmetal.com\/wp-content\/uploads\/2024\/02\/genis-pul.jpg\",\"width\":2160,\"height\":2160},{\"@type\":\"BreadcrumbList\",\"@id\":\"https:\/\/demmetal.com\/urunler\/en-iso7093\/#breadcrumb\",\"itemListElement\":[{\"@type\":\"ListItem\",\"position\":1,\"name\":\"Anasayfa\",\"item\":\"https:\/\/demmetal.com\/\"},{\"@type\":\"ListItem\",\"position\":2,\"name\":\"\u00dcr\u00fcnler\",\"item\":\"https:\/\/demmetal.com\/urunler\/\"},{\"@type\":\"ListItem\",\"position\":3,\"name\":\"EN ISO7093\"}]},{\"@type\":\"WebSite\",\"@id\":\"https:\/\/demmetal.com\/#website\",\"url\":\"https:\/\/demmetal.com\/\",\"name\":\"Dem Metal\",\"description\":\"Rondela \u0130malat\u0131 ve Ticareti\",\"publisher\":{\"@id\":\"https:\/\/demmetal.com\/#organization\"},\"potentialAction\":[{\"@type\":\"SearchAction\",\"target\":{\"@type\":\"EntryPoint\",\"urlTemplate\":\"https:\/\/demmetal.com\/?s={search_term_string}\"},\"query-input\":\"required name=search_term_string\"}],\"inLanguage\":\"en-GB\"},{\"@type\":\"Organization\",\"@id\":\"https:\/\/demmetal.com\/#organization\",\"name\":\"Dem Metal\",\"url\":\"https:\/\/demmetal.com\/\",\"logo\":{\"@type\":\"ImageObject\",\"inLanguage\":\"en-GB\",\"@id\":\"https:\/\/demmetal.com\/#\/schema\/logo\/image\/\",\"url\":\"https:\/\/demmetal.com\/wp-content\/uploads\/2024\/01\/demkoc-logo-son.png\",\"contentUrl\":\"https:\/\/demmetal.com\/wp-content\/uploads\/2024\/01\/demkoc-logo-son.png\",\"width\":1250,\"height\":330,\"caption\":\"Dem Metal\"},\"image\":{\"@id\":\"https:\/\/demmetal.com\/#\/schema\/logo\/image\/\"},\"sameAs\":[\"https:\/\/www.facebook.com\/demmetalrondela\",\"https:\/\/www.instagram.com\/demmetal\/\",\"https:\/\/www.linkedin.com\/company\/demmetal\/\"]}]}<\/script>\n<!-- \/ Yoast SEO plugin. -->","yoast_head_json":{"title":"EN ISO7093 - Dem Metal Rondela \u0130malat\u0131 ve Ticareti","robots":{"index":"index","follow":"follow","max-snippet":"max-snippet:-1","max-image-preview":"max-image-preview:large","max-video-preview":"max-video-preview:-1"},"canonical":"https:\/\/demmetal.com\/en\/urunler\/en-iso7093\/","og_locale":"en_GB","og_type":"article","og_title":"EN ISO7093 - Dem Metal Rondela \u0130malat\u0131 ve Ticareti","og_description":"EN ISO 7093 Geni\u015f Pul  6.8'e kadar (6.8 dahil) \u00f6zellik s\u0131n\u0131flar\u0131nda \u00fcr\u00fcn s\u0131n\u0131f\u0131 C olan alt\u0131gen c\u0131vatalar ve vidalar ile 6'ya kadar (6 dahil) \u00f6zellik s\u0131n\u0131flar\u0131nda \u00fcr\u00fcn s\u0131n\u0131f\u0131 C olan alt\u0131gen somunlarla kullan\u0131lan pullard\u0131r.  Malzeme: St.\u00e7elik (Malzeme se\u00e7imi \u00fcretici se\u00e7imine b\u0131rak\u0131lm\u0131\u015ft\u0131r)","og_url":"https:\/\/demmetal.com\/en\/urunler\/en-iso7093\/","og_site_name":"Dem Metal","article_publisher":"https:\/\/www.facebook.com\/demmetalrondela","article_modified_time":"2024-03-08T10:56:45+00:00","og_image":[{"width":2160,"height":2160,"url":"https:\/\/demmetal.com\/wp-content\/uploads\/2024\/02\/genis-pul.jpg","type":"image\/jpeg"}],"twitter_card":"summary_large_image","schema":{"@context":"https:\/\/schema.org","@graph":[{"@type":"WebPage","@id":"https:\/\/demmetal.com\/urunler\/en-iso7093\/","url":"https:\/\/demmetal.com\/urunler\/en-iso7093\/","name":"EN ISO7093 - Dem Metal Rondela \u0130malat\u0131 ve Ticareti","isPartOf":{"@id":"https:\/\/demmetal.com\/#website"},"primaryImageOfPage":{"@id":"https:\/\/demmetal.com\/urunler\/en-iso7093\/#primaryimage"},"image":{"@id":"https:\/\/demmetal.com\/urunler\/en-iso7093\/#primaryimage"},"thumbnailUrl":"https:\/\/demmetal.com\/wp-content\/uploads\/2024\/02\/genis-pul.jpg","datePublished":"2024-01-26T13:44:24+00:00","dateModified":"2024-03-08T10:56:45+00:00","breadcrumb":{"@id":"https:\/\/demmetal.com\/urunler\/en-iso7093\/#breadcrumb"},"inLanguage":"en-GB","potentialAction":[{"@type":"ReadAction","target":["https:\/\/demmetal.com\/urunler\/en-iso7093\/"]}]},{"@type":"ImageObject","inLanguage":"en-GB","@id":"https:\/\/demmetal.com\/urunler\/en-iso7093\/#primaryimage","url":"https:\/\/demmetal.com\/wp-content\/uploads\/2024\/02\/genis-pul.jpg","contentUrl":"https:\/\/demmetal.com\/wp-content\/uploads\/2024\/02\/genis-pul.jpg","width":2160,"height":2160},{"@type":"BreadcrumbList","@id":"https:\/\/demmetal.com\/urunler\/en-iso7093\/#breadcrumb","itemListElement":[{"@type":"ListItem","position":1,"name":"Anasayfa","item":"https:\/\/demmetal.com\/"},{"@type":"ListItem","position":2,"name":"\u00dcr\u00fcnler","item":"https:\/\/demmetal.com\/urunler\/"},{"@type":"ListItem","position":3,"name":"EN ISO7093"}]},{"@type":"WebSite","@id":"https:\/\/demmetal.com\/#website","url":"https:\/\/demmetal.com\/","name":"Dem Metal","description":"Rondela \u0130malat\u0131 ve Ticareti","publisher":{"@id":"https:\/\/demmetal.com\/#organization"},"potentialAction":[{"@type":"SearchAction","target":{"@type":"EntryPoint","urlTemplate":"https:\/\/demmetal.com\/?s={search_term_string}"},"query-input":"required name=search_term_string"}],"inLanguage":"en-GB"},{"@type":"Organization","@id":"https:\/\/demmetal.com\/#organization","name":"Dem Metal","url":"https:\/\/demmetal.com\/","logo":{"@type":"ImageObject","inLanguage":"en-GB","@id":"https:\/\/demmetal.com\/#\/schema\/logo\/image\/","url":"https:\/\/demmetal.com\/wp-content\/uploads\/2024\/01\/demkoc-logo-son.png","contentUrl":"https:\/\/demmetal.com\/wp-content\/uploads\/2024\/01\/demkoc-logo-son.png","width":1250,"height":330,"caption":"Dem Metal"},"image":{"@id":"https:\/\/demmetal.com\/#\/schema\/logo\/image\/"},"sameAs":["https:\/\/www.facebook.com\/demmetalrondela","https:\/\/www.instagram.com\/demmetal\/","https:\/\/www.linkedin.com\/company\/demmetal\/"]}]}},"_links":{"self":[{"href":"https:\/\/demmetal.com\/en\/wp-json\/wp\/v2\/product\/1280","targetHints":{"allow":["GET"]}}],"collection":[{"href":"https:\/\/demmetal.com\/en\/wp-json\/wp\/v2\/product"}],"about":[{"href":"https:\/\/demmetal.com\/en\/wp-json\/wp\/v2\/types\/product"}],"wp:featuredmedia":[{"embeddable":true,"href":"https:\/\/demmetal.com\/en\/wp-json\/wp\/v2\/media\/2108"}],"wp:attachment":[{"href":"https:\/\/demmetal.com\/en\/wp-json\/wp\/v2\/media?parent=1280"}],"wp:term":[{"taxonomy":"product_cat","embeddable":true,"href":"https:\/\/demmetal.com\/en\/wp-json\/wp\/v2\/product_cat?post=1280"},{"taxonomy":"product_tag","embeddable":true,"href":"https:\/\/demmetal.com\/en\/wp-json\/wp\/v2\/product_tag?post=1280"}],"curies":[{"name":"wp","href":"https:\/\/api.w.org\/{rel}","templated":true}]}}