{"id":1279,"date":"2024-01-26T13:43:00","date_gmt":"2024-01-26T13:43:00","guid":{"rendered":"https:\/\/demmetal.webcrix.com\/?post_type=product&#038;p=1279"},"modified":"2024-03-12T09:43:25","modified_gmt":"2024-03-12T09:43:25","slug":"en-iso7091","status":"publish","type":"product","link":"https:\/\/demmetal.com\/en\/urunler\/en-iso7091\/","title":{"rendered":"EN ISO7091"},"content":{"rendered":"<div style=\"display: flex; justify-content: center; padding: 25px;\"><img fetchpriority=\"high\" decoding=\"async\" class=\"alignnone wp-image-1300 size-full\" src=\"https:\/\/demmetal.webcrix.com\/wp-content\/uploads\/2024\/01\/ISO7091-e1706516038363.jpg\" alt=\"ISO7091\" width=\"767\" height=\"265\" srcset=\"https:\/\/demmetal.com\/wp-content\/uploads\/2024\/01\/ISO7091-e1706516038363.jpg 767w, https:\/\/demmetal.com\/wp-content\/uploads\/2024\/01\/ISO7091-e1706516038363-600x207.jpg 600w, https:\/\/demmetal.com\/wp-content\/uploads\/2024\/01\/ISO7091-e1706516038363-300x104.jpg 300w, https:\/\/demmetal.com\/wp-content\/uploads\/2024\/01\/ISO7091-e1706516038363-18x6.jpg 18w\" sizes=\"(max-width: 767px) 100vw, 767px\" \/><\/div>\n<table>\n<thead>\n<tr>\n<th class=\"col-h\" rowspan=\"2\">Thread Diameter<\/th>\n<th colspan=\"2\">d1<\/th>\n<th colspan=\"2\">d2<\/th>\n<th colspan=\"2\">h<\/th>\n<th>Weight<\/th>\n<\/tr>\n<tr class=\"h-alt\">\n<th>(Min)<\/th>\n<th>(Max)<\/th>\n<th>(Max)<\/th>\n<th>(Min)<\/th>\n<th>(Min)<\/th>\n<th>(Max)<\/th>\n<th>(Kg\/1000 pcs)<\/th>\n<\/tr>\n<\/thead>\n<tbody>\n<tr>\n<td class=\"row-h\">M8<\/td>\n<td class=\"row-p\">9.00<\/td>\n<td class=\"row-p\">9.36<\/td>\n<td class=\"row-p\">16.00<\/td>\n<td class=\"row-p\">14.9<\/td>\n<td class=\"row-p\">1.30<\/td>\n<td class=\"row-p\">1.90<\/td>\n<td class=\"row-p\">1.73<\/td>\n<\/tr>\n<tr>\n<td class=\"row-h\">M10<\/td>\n<td class=\"row-p\">11.00<\/td>\n<td class=\"row-p\">11.43<\/td>\n<td class=\"row-p\">20.00<\/td>\n<td class=\"row-p\">18.7<\/td>\n<td class=\"row-p\">1.70<\/td>\n<td class=\"row-p\">2.30<\/td>\n<td class=\"row-p\">3.44<\/td>\n<\/tr>\n<tr>\n<td class=\"row-h\">M12<\/td>\n<td class=\"row-p\">13.50<\/td>\n<td class=\"row-p\">13.93<\/td>\n<td class=\"row-p\">24.00<\/td>\n<td class=\"row-p\">22.7<\/td>\n<td class=\"row-p\">2.20<\/td>\n<td class=\"row-p\">2.80<\/td>\n<td class=\"row-p\">6.07<\/td>\n<\/tr>\n<tr>\n<td class=\"row-h\">M14<\/td>\n<td class=\"row-p\">15.50<\/td>\n<td class=\"row-p\">15.93<\/td>\n<td class=\"row-p\">28.00<\/td>\n<td class=\"row-p\">26.7<\/td>\n<td class=\"row-p\">2.80<\/td>\n<td class=\"row-p\">2.20<\/td>\n<td class=\"row-p\">8.38<\/td>\n<\/tr>\n<tr>\n<td class=\"row-h\">M16<\/td>\n<td class=\"row-p\">17.50<\/td>\n<td class=\"row-p\">17.93<\/td>\n<td class=\"row-p\">30.00<\/td>\n<td class=\"row-p\">28.7<\/td>\n<td class=\"row-p\">2.40<\/td>\n<td class=\"row-p\">3.60<\/td>\n<td class=\"row-p\">11.00<\/td>\n<\/tr>\n<tr>\n<td class=\"row-h\">M18<\/td>\n<td class=\"row-p\">20.00<\/td>\n<td class=\"row-p\">20.52<\/td>\n<td class=\"row-p\">34.00<\/td>\n<td class=\"row-p\">32.4<\/td>\n<td class=\"row-p\">2.40<\/td>\n<td class=\"row-p\">3.60<\/td>\n<td class=\"row-p\">14.00<\/td>\n<\/tr>\n<tr>\n<td class=\"row-h\">M20<\/td>\n<td class=\"row-p\">22.00<\/td>\n<td class=\"row-p\">22.52<\/td>\n<td class=\"row-p\">37.00<\/td>\n<td class=\"row-p\">35.4<\/td>\n<td class=\"row-p\">2.40<\/td>\n<td class=\"row-p\">3.60<\/td>\n<td class=\"row-p\">16.40<\/td>\n<\/tr>\n<tr>\n<td class=\"row-h\">M22<\/td>\n<td class=\"row-p\">24.00<\/td>\n<td class=\"row-p\">24.52<\/td>\n<td class=\"row-p\">39.00<\/td>\n<td class=\"row-p\">37.4<\/td>\n<td class=\"row-p\">2.40<\/td>\n<td class=\"row-p\">3.60<\/td>\n<td class=\"row-p\">17.50<\/td>\n<\/tr>\n<tr>\n<td class=\"row-h\">M24<\/td>\n<td class=\"row-p\">26.00<\/td>\n<td class=\"row-p\">26.52<\/td>\n<td class=\"row-p\">44.00<\/td>\n<td class=\"row-p\">42.4<\/td>\n<td class=\"row-p\">3.40<\/td>\n<td class=\"row-p\">4.60<\/td>\n<td class=\"row-p\">31.10<\/td>\n<\/tr>\n<tr>\n<td class=\"row-h\">M27<\/td>\n<td class=\"row-p\">30.00<\/td>\n<td class=\"row-p\">30.52<\/td>\n<td class=\"row-p\">50.00<\/td>\n<td class=\"row-p\">48.4<\/td>\n<td class=\"row-p\">4.00<\/td>\n<td class=\"row-p\">4.60<\/td>\n<td class=\"row-p\">39.50<\/td>\n<\/tr>\n<tr>\n<td class=\"row-h\">M30<\/td>\n<td class=\"row-p\">33.00<\/td>\n<td class=\"row-p\">33.62<\/td>\n<td class=\"row-p\">56.00<\/td>\n<td class=\"row-p\">54.1<\/td>\n<td class=\"row-p\">4.00<\/td>\n<td class=\"row-p\">4.60<\/td>\n<td class=\"row-p\">50.50<\/td>\n<\/tr>\n<tr>\n<td class=\"row-h\">M33<\/td>\n<td class=\"row-p\">36.00<\/td>\n<td class=\"row-p\">37.00<\/td>\n<td class=\"row-p\">60.00<\/td>\n<td class=\"row-p\">58.1<\/td>\n<td class=\"row-p\">4.00<\/td>\n<td class=\"row-p\">6.00<\/td>\n<td class=\"row-p\">71.00<\/td>\n<\/tr>\n<tr>\n<td class=\"row-h\">M36<\/td>\n<td class=\"row-p\">39.00<\/td>\n<td class=\"row-p\">40.00<\/td>\n<td class=\"row-p\">66.00<\/td>\n<td class=\"row-p\">64.1<\/td>\n<td class=\"row-p\">4.00<\/td>\n<td class=\"row-p\">6.00<\/td>\n<td class=\"row-p\">87.40<\/td>\n<\/tr>\n<tr>\n<td class=\"row-h\">M39<\/td>\n<td class=\"row-p\">42.00<\/td>\n<td class=\"row-p\">43.00<\/td>\n<td class=\"row-p\">72.00<\/td>\n<td class=\"row-p\">70.1<\/td>\n<td class=\"row-p\">5.00<\/td>\n<td class=\"row-p\">7.00<\/td>\n<td class=\"row-p\">127.00<\/td>\n<\/tr>\n<tr>\n<td class=\"row-h\">M42<\/td>\n<td class=\"row-p\">45.00<\/td>\n<td class=\"row-p\">46.00<\/td>\n<td class=\"row-p\">78.00<\/td>\n<td class=\"row-p\">76.1<\/td>\n<td class=\"row-p\">5.80<\/td>\n<td class=\"row-p\">8.20<\/td>\n<td class=\"row-p\">175.00<\/td>\n<\/tr>\n<tr>\n<td class=\"row-h\">M45<\/td>\n<td class=\"row-p\">48.00<\/td>\n<td class=\"row-p\">49.00<\/td>\n<td class=\"row-p\">85.00<\/td>\n<td class=\"row-p\">82.8<\/td>\n<td class=\"row-p\">5.80<\/td>\n<td class=\"row-p\">8.20<\/td>\n<td class=\"row-p\">212.00<\/td>\n<\/tr>\n<tr>\n<td class=\"row-h\">M48<\/td>\n<td class=\"row-p\">52.00<\/td>\n<td class=\"row-p\">53.20<\/td>\n<td class=\"row-p\">92.00<\/td>\n<td class=\"row-p\">89.8<\/td>\n<td class=\"row-p\">6.80<\/td>\n<td class=\"row-p\">9.20<\/td>\n<td class=\"row-p\">284.00<\/td>\n<\/tr>\n<tr>\n<td class=\"row-h\">M52<\/td>\n<td class=\"row-p\">56.00<\/td>\n<td class=\"row-p\">57.20<\/td>\n<td class=\"row-p\">98.00<\/td>\n<td class=\"row-p\">95.8<\/td>\n<td class=\"row-p\">6.80<\/td>\n<td class=\"row-p\">9.20<\/td>\n<td class=\"row-p\">319.00<\/td>\n<\/tr>\n<tr>\n<td class=\"row-h\">M56<\/td>\n<td class=\"row-p\">62.00<\/td>\n<td class=\"row-p\">63.20<\/td>\n<td class=\"row-p\">105.00<\/td>\n<td class=\"row-p\">102.8<\/td>\n<td class=\"row-p\">7.80<\/td>\n<td class=\"row-p\">10.20<\/td>\n<td class=\"row-p\">398.00<\/td>\n<\/tr>\n<tr>\n<td class=\"row-h\">M60<\/td>\n<td class=\"row-p\">66.00<\/td>\n<td class=\"row-p\">67.20<\/td>\n<td class=\"row-p\">110.00<\/td>\n<td class=\"row-p\">107.8<\/td>\n<td class=\"row-p\">7.80<\/td>\n<td class=\"row-p\">10.20<\/td>\n<td class=\"row-p\">430.00<\/td>\n<\/tr>\n<tr>\n<td class=\"row-h\">M64<\/td>\n<td class=\"row-p\">70.00<\/td>\n<td class=\"row-p\">71.20<\/td>\n<td class=\"row-p\">115.00<\/td>\n<td class=\"row-p\">112.8<\/td>\n<td class=\"row-p\">7.80<\/td>\n<td class=\"row-p\">10.20<\/td>\n<td class=\"row-p\">462.00<\/td>\n<\/tr>\n<\/tbody>\n<\/table>\n<p>&nbsp;<\/p>","protected":false},"excerpt":{"rendered":"<p><strong>EN ISO 7091 Flat Washer<\/strong><\/p>\n<p>Washer that is used C product class hexagonal nuts that is up to 6 (including 6) and C product class hexagonal bolt and nuts that are up to 6.8 (including 6.8).<\/p>\n<p><strong>Material<\/strong>: Steel (Material choice is of producer choice)<\/p>","protected":false},"featured_media":2057,"template":"","meta":[],"product_cat":[23],"product_tag":[37],"class_list":{"0":"post-1279","1":"product","2":"type-product","3":"status-publish","4":"has-post-thumbnail","6":"product_cat-rondela","7":"product_tag-en-iso7091","9":"first","10":"instock","11":"shipping-taxable","12":"product-type-simple"},"yoast_head":"<!-- This site is optimized with the Yoast SEO plugin v22.2 - https:\/\/yoast.com\/wordpress\/plugins\/seo\/ -->\n<title>EN ISO7091 - Dem Metal Rondela \u0130malat\u0131 ve Ticareti<\/title>\n<meta name=\"robots\" content=\"index, follow, max-snippet:-1, max-image-preview:large, max-video-preview:-1\" \/>\n<link rel=\"canonical\" href=\"https:\/\/demmetal.com\/en\/urunler\/en-iso7091\/\" \/>\n<meta property=\"og:locale\" content=\"en_GB\" \/>\n<meta property=\"og:type\" content=\"article\" \/>\n<meta property=\"og:title\" content=\"EN ISO7091 - Dem Metal Rondela \u0130malat\u0131 ve Ticareti\" \/>\n<meta property=\"og:description\" content=\"EN ISO 7091 D\u00fcz Rondela  6.8&#039;e kadar (6.8 dahil) \u00f6zellik s\u0131n\u0131flar\u0131nda \u00fcr\u00fcn s\u0131n\u0131f\u0131 C olan alt\u0131gen c\u0131vatalar ve vidalar ile 6&#039;ya kadar (6 dahil) \u00f6zellik s\u0131n\u0131flar\u0131nda \u00fcr\u00fcn s\u0131n\u0131f\u0131 C olan alt\u0131gen somunlarla kullan\u0131lan rondelalard\u0131r.  Malzeme: St.\u00e7elik (Malzeme se\u00e7imi \u00fcretici se\u00e7imine b\u0131rak\u0131lm\u0131\u015ft\u0131r)\" \/>\n<meta property=\"og:url\" content=\"https:\/\/demmetal.com\/en\/urunler\/en-iso7091\/\" \/>\n<meta property=\"og:site_name\" content=\"Dem Metal\" \/>\n<meta property=\"article:publisher\" content=\"https:\/\/www.facebook.com\/demmetalrondela\" \/>\n<meta property=\"article:modified_time\" content=\"2024-03-12T09:43:25+00:00\" \/>\n<meta property=\"og:image\" content=\"https:\/\/demmetal.com\/wp-content\/uploads\/2024\/02\/din125-4.jpg\" \/>\n\t<meta property=\"og:image:width\" content=\"2160\" \/>\n\t<meta property=\"og:image:height\" content=\"2160\" \/>\n\t<meta property=\"og:image:type\" content=\"image\/jpeg\" \/>\n<meta name=\"twitter:card\" content=\"summary_large_image\" \/>\n<script type=\"application\/ld+json\" class=\"yoast-schema-graph\">{\"@context\":\"https:\/\/schema.org\",\"@graph\":[{\"@type\":\"WebPage\",\"@id\":\"https:\/\/demmetal.com\/urunler\/en-iso7091\/\",\"url\":\"https:\/\/demmetal.com\/urunler\/en-iso7091\/\",\"name\":\"EN ISO7091 - Dem Metal Rondela \u0130malat\u0131 ve Ticareti\",\"isPartOf\":{\"@id\":\"https:\/\/demmetal.com\/#website\"},\"primaryImageOfPage\":{\"@id\":\"https:\/\/demmetal.com\/urunler\/en-iso7091\/#primaryimage\"},\"image\":{\"@id\":\"https:\/\/demmetal.com\/urunler\/en-iso7091\/#primaryimage\"},\"thumbnailUrl\":\"https:\/\/demmetal.com\/wp-content\/uploads\/2024\/02\/din125-4.jpg\",\"datePublished\":\"2024-01-26T13:43:00+00:00\",\"dateModified\":\"2024-03-12T09:43:25+00:00\",\"breadcrumb\":{\"@id\":\"https:\/\/demmetal.com\/urunler\/en-iso7091\/#breadcrumb\"},\"inLanguage\":\"en-GB\",\"potentialAction\":[{\"@type\":\"ReadAction\",\"target\":[\"https:\/\/demmetal.com\/urunler\/en-iso7091\/\"]}]},{\"@type\":\"ImageObject\",\"inLanguage\":\"en-GB\",\"@id\":\"https:\/\/demmetal.com\/urunler\/en-iso7091\/#primaryimage\",\"url\":\"https:\/\/demmetal.com\/wp-content\/uploads\/2024\/02\/din125-4.jpg\",\"contentUrl\":\"https:\/\/demmetal.com\/wp-content\/uploads\/2024\/02\/din125-4.jpg\",\"width\":2160,\"height\":2160},{\"@type\":\"BreadcrumbList\",\"@id\":\"https:\/\/demmetal.com\/urunler\/en-iso7091\/#breadcrumb\",\"itemListElement\":[{\"@type\":\"ListItem\",\"position\":1,\"name\":\"Anasayfa\",\"item\":\"https:\/\/demmetal.com\/\"},{\"@type\":\"ListItem\",\"position\":2,\"name\":\"\u00dcr\u00fcnler\",\"item\":\"https:\/\/demmetal.com\/urunler\/\"},{\"@type\":\"ListItem\",\"position\":3,\"name\":\"EN ISO7091\"}]},{\"@type\":\"WebSite\",\"@id\":\"https:\/\/demmetal.com\/#website\",\"url\":\"https:\/\/demmetal.com\/\",\"name\":\"Dem Metal\",\"description\":\"Rondela \u0130malat\u0131 ve Ticareti\",\"publisher\":{\"@id\":\"https:\/\/demmetal.com\/#organization\"},\"potentialAction\":[{\"@type\":\"SearchAction\",\"target\":{\"@type\":\"EntryPoint\",\"urlTemplate\":\"https:\/\/demmetal.com\/?s={search_term_string}\"},\"query-input\":\"required name=search_term_string\"}],\"inLanguage\":\"en-GB\"},{\"@type\":\"Organization\",\"@id\":\"https:\/\/demmetal.com\/#organization\",\"name\":\"Dem Metal\",\"url\":\"https:\/\/demmetal.com\/\",\"logo\":{\"@type\":\"ImageObject\",\"inLanguage\":\"en-GB\",\"@id\":\"https:\/\/demmetal.com\/#\/schema\/logo\/image\/\",\"url\":\"https:\/\/demmetal.com\/wp-content\/uploads\/2024\/01\/demkoc-logo-son.png\",\"contentUrl\":\"https:\/\/demmetal.com\/wp-content\/uploads\/2024\/01\/demkoc-logo-son.png\",\"width\":1250,\"height\":330,\"caption\":\"Dem Metal\"},\"image\":{\"@id\":\"https:\/\/demmetal.com\/#\/schema\/logo\/image\/\"},\"sameAs\":[\"https:\/\/www.facebook.com\/demmetalrondela\",\"https:\/\/www.instagram.com\/demmetal\/\",\"https:\/\/www.linkedin.com\/company\/demmetal\/\"]}]}<\/script>\n<!-- \/ Yoast SEO plugin. -->","yoast_head_json":{"title":"EN ISO7091 - Dem Metal Rondela \u0130malat\u0131 ve Ticareti","robots":{"index":"index","follow":"follow","max-snippet":"max-snippet:-1","max-image-preview":"max-image-preview:large","max-video-preview":"max-video-preview:-1"},"canonical":"https:\/\/demmetal.com\/en\/urunler\/en-iso7091\/","og_locale":"en_GB","og_type":"article","og_title":"EN ISO7091 - Dem Metal Rondela \u0130malat\u0131 ve Ticareti","og_description":"EN ISO 7091 D\u00fcz Rondela  6.8'e kadar (6.8 dahil) \u00f6zellik s\u0131n\u0131flar\u0131nda \u00fcr\u00fcn s\u0131n\u0131f\u0131 C olan alt\u0131gen c\u0131vatalar ve vidalar ile 6'ya kadar (6 dahil) \u00f6zellik s\u0131n\u0131flar\u0131nda \u00fcr\u00fcn s\u0131n\u0131f\u0131 C olan alt\u0131gen somunlarla kullan\u0131lan rondelalard\u0131r.  Malzeme: St.\u00e7elik (Malzeme se\u00e7imi \u00fcretici se\u00e7imine b\u0131rak\u0131lm\u0131\u015ft\u0131r)","og_url":"https:\/\/demmetal.com\/en\/urunler\/en-iso7091\/","og_site_name":"Dem Metal","article_publisher":"https:\/\/www.facebook.com\/demmetalrondela","article_modified_time":"2024-03-12T09:43:25+00:00","og_image":[{"width":2160,"height":2160,"url":"https:\/\/demmetal.com\/wp-content\/uploads\/2024\/02\/din125-4.jpg","type":"image\/jpeg"}],"twitter_card":"summary_large_image","schema":{"@context":"https:\/\/schema.org","@graph":[{"@type":"WebPage","@id":"https:\/\/demmetal.com\/urunler\/en-iso7091\/","url":"https:\/\/demmetal.com\/urunler\/en-iso7091\/","name":"EN ISO7091 - Dem Metal Rondela \u0130malat\u0131 ve Ticareti","isPartOf":{"@id":"https:\/\/demmetal.com\/#website"},"primaryImageOfPage":{"@id":"https:\/\/demmetal.com\/urunler\/en-iso7091\/#primaryimage"},"image":{"@id":"https:\/\/demmetal.com\/urunler\/en-iso7091\/#primaryimage"},"thumbnailUrl":"https:\/\/demmetal.com\/wp-content\/uploads\/2024\/02\/din125-4.jpg","datePublished":"2024-01-26T13:43:00+00:00","dateModified":"2024-03-12T09:43:25+00:00","breadcrumb":{"@id":"https:\/\/demmetal.com\/urunler\/en-iso7091\/#breadcrumb"},"inLanguage":"en-GB","potentialAction":[{"@type":"ReadAction","target":["https:\/\/demmetal.com\/urunler\/en-iso7091\/"]}]},{"@type":"ImageObject","inLanguage":"en-GB","@id":"https:\/\/demmetal.com\/urunler\/en-iso7091\/#primaryimage","url":"https:\/\/demmetal.com\/wp-content\/uploads\/2024\/02\/din125-4.jpg","contentUrl":"https:\/\/demmetal.com\/wp-content\/uploads\/2024\/02\/din125-4.jpg","width":2160,"height":2160},{"@type":"BreadcrumbList","@id":"https:\/\/demmetal.com\/urunler\/en-iso7091\/#breadcrumb","itemListElement":[{"@type":"ListItem","position":1,"name":"Anasayfa","item":"https:\/\/demmetal.com\/"},{"@type":"ListItem","position":2,"name":"\u00dcr\u00fcnler","item":"https:\/\/demmetal.com\/urunler\/"},{"@type":"ListItem","position":3,"name":"EN ISO7091"}]},{"@type":"WebSite","@id":"https:\/\/demmetal.com\/#website","url":"https:\/\/demmetal.com\/","name":"Dem Metal","description":"Rondela \u0130malat\u0131 ve Ticareti","publisher":{"@id":"https:\/\/demmetal.com\/#organization"},"potentialAction":[{"@type":"SearchAction","target":{"@type":"EntryPoint","urlTemplate":"https:\/\/demmetal.com\/?s={search_term_string}"},"query-input":"required name=search_term_string"}],"inLanguage":"en-GB"},{"@type":"Organization","@id":"https:\/\/demmetal.com\/#organization","name":"Dem Metal","url":"https:\/\/demmetal.com\/","logo":{"@type":"ImageObject","inLanguage":"en-GB","@id":"https:\/\/demmetal.com\/#\/schema\/logo\/image\/","url":"https:\/\/demmetal.com\/wp-content\/uploads\/2024\/01\/demkoc-logo-son.png","contentUrl":"https:\/\/demmetal.com\/wp-content\/uploads\/2024\/01\/demkoc-logo-son.png","width":1250,"height":330,"caption":"Dem Metal"},"image":{"@id":"https:\/\/demmetal.com\/#\/schema\/logo\/image\/"},"sameAs":["https:\/\/www.facebook.com\/demmetalrondela","https:\/\/www.instagram.com\/demmetal\/","https:\/\/www.linkedin.com\/company\/demmetal\/"]}]}},"_links":{"self":[{"href":"https:\/\/demmetal.com\/en\/wp-json\/wp\/v2\/product\/1279","targetHints":{"allow":["GET"]}}],"collection":[{"href":"https:\/\/demmetal.com\/en\/wp-json\/wp\/v2\/product"}],"about":[{"href":"https:\/\/demmetal.com\/en\/wp-json\/wp\/v2\/types\/product"}],"wp:featuredmedia":[{"embeddable":true,"href":"https:\/\/demmetal.com\/en\/wp-json\/wp\/v2\/media\/2057"}],"wp:attachment":[{"href":"https:\/\/demmetal.com\/en\/wp-json\/wp\/v2\/media?parent=1279"}],"wp:term":[{"taxonomy":"product_cat","embeddable":true,"href":"https:\/\/demmetal.com\/en\/wp-json\/wp\/v2\/product_cat?post=1279"},{"taxonomy":"product_tag","embeddable":true,"href":"https:\/\/demmetal.com\/en\/wp-json\/wp\/v2\/product_tag?post=1279"}],"curies":[{"name":"wp","href":"https:\/\/api.w.org\/{rel}","templated":true}]}}