{"id":1233,"date":"2024-01-26T10:24:19","date_gmt":"2024-01-26T10:24:19","guid":{"rendered":"https:\/\/demmetal.webcrix.com\/?post_type=product&#038;p=1233"},"modified":"2024-03-12T16:09:11","modified_gmt":"2024-03-12T16:09:11","slug":"en-iso7090","status":"publish","type":"product","link":"https:\/\/demmetal.com\/en\/urunler\/en-iso7090\/","title":{"rendered":"EN ISO7090"},"content":{"rendered":"<div style=\"display: flex; justify-content: center; padding: 25px;\"><img fetchpriority=\"high\" decoding=\"async\" class=\"alignnone wp-image-1299 size-full\" src=\"https:\/\/demmetal.webcrix.com\/wp-content\/uploads\/2024\/01\/ISO7090-e1706516055954.jpg\" alt=\"ISO7090\" width=\"768\" height=\"289\" srcset=\"https:\/\/demmetal.com\/wp-content\/uploads\/2024\/01\/ISO7090-e1706516055954.jpg 768w, https:\/\/demmetal.com\/wp-content\/uploads\/2024\/01\/ISO7090-e1706516055954-600x226.jpg 600w, https:\/\/demmetal.com\/wp-content\/uploads\/2024\/01\/ISO7090-e1706516055954-300x113.jpg 300w, https:\/\/demmetal.com\/wp-content\/uploads\/2024\/01\/ISO7090-e1706516055954-18x7.jpg 18w\" sizes=\"(max-width: 768px) 100vw, 768px\" \/><\/div>\n<table>\n<thead>\n<tr>\n<th class=\"col-h\" rowspan=\"2\">Thread Diameter<\/th>\n<th colspan=\"2\">d1<\/th>\n<th colspan=\"2\">d2<\/th>\n<th colspan=\"2\">h<\/th>\n<th>Weight<\/th>\n<\/tr>\n<tr class=\"h-alt\">\n<th>(Min)<\/th>\n<th>(Max)<\/th>\n<th>(Max)<\/th>\n<th>(Min)<\/th>\n<th>(Min)<\/th>\n<th>(Max)<\/th>\n<th>(Kg\/1000 pcs)<\/th>\n<\/tr>\n<\/thead>\n<tbody>\n<tr>\n<td class=\"row-h\">M12<\/td>\n<td class=\"row-p\">13,00<\/td>\n<td class=\"row-p\">13,27<\/td>\n<td class=\"row-p\">23,48<\/td>\n<td class=\"row-p\">24,0<\/td>\n<td class=\"row-p\">2,30<\/td>\n<td class=\"row-p\">2,70<\/td>\n<td class=\"row-p\">6,270<\/td>\n<\/tr>\n<tr>\n<td class=\"row-h\">M14<\/td>\n<td class=\"row-p\">15,00<\/td>\n<td class=\"row-p\">15,27<\/td>\n<td class=\"row-p\">27,48<\/td>\n<td class=\"row-p\">28,0<\/td>\n<td class=\"row-p\">2,30<\/td>\n<td class=\"row-p\">2,70<\/td>\n<td class=\"row-p\">8,620<\/td>\n<\/tr>\n<tr>\n<td class=\"row-h\">M16<\/td>\n<td class=\"row-p\">17,00<\/td>\n<td class=\"row-p\">17,27<\/td>\n<td class=\"row-p\">29,48<\/td>\n<td class=\"row-p\">30,0<\/td>\n<td class=\"row-p\">2,70<\/td>\n<td class=\"row-p\">3,30<\/td>\n<td class=\"row-p\">11,300<\/td>\n<\/tr>\n<tr>\n<td class=\"row-h\">M18<\/td>\n<td class=\"row-p\">19,00<\/td>\n<td class=\"row-p\">19,33<\/td>\n<td class=\"row-p\">33,38<\/td>\n<td class=\"row-p\">34,0<\/td>\n<td class=\"row-p\">2,70<\/td>\n<td class=\"row-p\">3,30<\/td>\n<td class=\"row-p\">14,700<\/td>\n<\/tr>\n<tr>\n<td class=\"row-h\">M20<\/td>\n<td class=\"row-p\">21,00<\/td>\n<td class=\"row-p\">21,33<\/td>\n<td class=\"row-p\">36,38<\/td>\n<td class=\"row-p\">37,0<\/td>\n<td class=\"row-p\">2,70<\/td>\n<td class=\"row-p\">3,30<\/td>\n<td class=\"row-p\">17,200<\/td>\n<\/tr>\n<tr>\n<td class=\"row-h\">M22<\/td>\n<td class=\"row-p\">23,00<\/td>\n<td class=\"row-p\">23,33<\/td>\n<td class=\"row-p\">38,38<\/td>\n<td class=\"row-p\">39,0<\/td>\n<td class=\"row-p\">2,70<\/td>\n<td class=\"row-p\">3,30<\/td>\n<td class=\"row-p\">18,300<\/td>\n<\/tr>\n<tr>\n<td class=\"row-h\">M24<\/td>\n<td class=\"row-p\">25,00<\/td>\n<td class=\"row-p\">25,33<\/td>\n<td class=\"row-p\">43,38<\/td>\n<td class=\"row-p\">44,0<\/td>\n<td class=\"row-p\">3,70<\/td>\n<td class=\"row-p\">4,30<\/td>\n<td class=\"row-p\">32,300<\/td>\n<\/tr>\n<tr>\n<td class=\"row-h\">M27<\/td>\n<td class=\"row-p\">28,00<\/td>\n<td class=\"row-p\">28,33<\/td>\n<td class=\"row-p\">49,38<\/td>\n<td class=\"row-p\">50,0<\/td>\n<td class=\"row-p\">3,70<\/td>\n<td class=\"row-p\">4,30<\/td>\n<td class=\"row-p\">42,300<\/td>\n<\/tr>\n<tr>\n<td class=\"row-h\">M30<\/td>\n<td class=\"row-p\">31,00<\/td>\n<td class=\"row-p\">31,39<\/td>\n<td class=\"row-p\">55,26<\/td>\n<td class=\"row-p\">56,0<\/td>\n<td class=\"row-p\">3,70<\/td>\n<td class=\"row-p\">4,30<\/td>\n<td class=\"row-p\">53,600<\/td>\n<\/tr>\n<tr>\n<td class=\"row-h\">M33<\/td>\n<td class=\"row-p\">34,00<\/td>\n<td class=\"row-p\">34,62<\/td>\n<td class=\"row-p\">58,80<\/td>\n<td class=\"row-p\">60,0<\/td>\n<td class=\"row-p\">4,40<\/td>\n<td class=\"row-p\">5,60<\/td>\n<td class=\"row-p\">75,300<\/td>\n<\/tr>\n<tr>\n<td class=\"row-h\">M36<\/td>\n<td class=\"row-p\">37,00<\/td>\n<td class=\"row-p\">37,62<\/td>\n<td class=\"row-p\">64,80<\/td>\n<td class=\"row-p\">66,0<\/td>\n<td class=\"row-p\">4,40<\/td>\n<td class=\"row-p\">5,60<\/td>\n<td class=\"row-p\">92,100<\/td>\n<\/tr>\n<tr>\n<td class=\"row-h\">M39<\/td>\n<td class=\"row-p\">42,00<\/td>\n<td class=\"row-p\">42,62<\/td>\n<td class=\"row-p\">70,80<\/td>\n<td class=\"row-p\">72,0<\/td>\n<td class=\"row-p\">5,40<\/td>\n<td class=\"row-p\">6,60<\/td>\n<td class=\"row-p\">133,000<\/td>\n<\/tr>\n<tr>\n<td class=\"row-h\">M42<\/td>\n<td class=\"row-p\">45,00<\/td>\n<td class=\"row-p\">45,62<\/td>\n<td class=\"row-p\">76,80<\/td>\n<td class=\"row-p\">78,0<\/td>\n<td class=\"row-p\">6,00<\/td>\n<td class=\"row-p\">8,00<\/td>\n<td class=\"row-p\">183,000<\/td>\n<\/tr>\n<tr>\n<td class=\"row-h\">M45<\/td>\n<td class=\"row-p\">48,00<\/td>\n<td class=\"row-p\">48,62<\/td>\n<td class=\"row-p\">83,60<\/td>\n<td class=\"row-p\">85,0<\/td>\n<td class=\"row-p\">6,00<\/td>\n<td class=\"row-p\">8.00<\/td>\n<td class=\"row-p\">220,000<\/td>\n<\/tr>\n<tr>\n<td class=\"row-h\">M48<\/td>\n<td class=\"row-p\">52,00<\/td>\n<td class=\"row-p\">52,74<\/td>\n<td class=\"row-p\">90,60<\/td>\n<td class=\"row-p\">92,0<\/td>\n<td class=\"row-p\">7,00<\/td>\n<td class=\"row-p\">9.00<\/td>\n<td class=\"row-p\">294,000<\/td>\n<\/tr>\n<tr>\n<td class=\"row-h\">M52<\/td>\n<td class=\"row-p\">56,00<\/td>\n<td class=\"row-p\">56,74<\/td>\n<td class=\"row-p\">96,60<\/td>\n<td class=\"row-p\">98,0<\/td>\n<td class=\"row-p\">7,00<\/td>\n<td class=\"row-p\">9.00<\/td>\n<td class=\"row-p\">330,000<\/td>\n<\/tr>\n<tr>\n<td class=\"row-h\">M56<\/td>\n<td class=\"row-p\">62,00<\/td>\n<td class=\"row-p\">62,74<\/td>\n<td class=\"row-p\">105,00<\/td>\n<td class=\"row-p\">103,60<\/td>\n<td class=\"row-p\">9,00<\/td>\n<td class=\"row-p\">11,00<\/td>\n<td class=\"row-p\">425,000<\/td>\n<\/tr>\n<tr>\n<td class=\"row-h\">M60<\/td>\n<td class=\"row-p\">66,00<\/td>\n<td class=\"row-p\">66,74<\/td>\n<td class=\"row-p\">108,60<\/td>\n<td class=\"row-p\">110,0<\/td>\n<td class=\"row-p\">9,00<\/td>\n<td class=\"row-p\">11,00<\/td>\n<td class=\"row-p\">458,000<\/td>\n<\/tr>\n<tr>\n<td class=\"row-h\">M64<\/td>\n<td class=\"row-p\">70,00<\/td>\n<td class=\"row-p\">70,74<\/td>\n<td class=\"row-p\">115,00<\/td>\n<td class=\"row-p\">113,60<\/td>\n<td class=\"row-p\">9,00<\/td>\n<td class=\"row-p\">11,00<\/td>\n<td class=\"row-p\">492,000<\/td>\n<\/tr>\n<\/tbody>\n<\/table>","protected":false},"excerpt":{"rendered":"<p><strong>EN ISO 7090 Flat Washer<\/strong><\/p>\n<p>External countersunk washer that is used in class 8.8 and 10.9 hex head bolts and 8 and 10 class nuts.<\/p>\n<p><strong>Hardness Class<\/strong>: 200HV and 300HV<\/p>","protected":false},"featured_media":2073,"template":"","meta":[],"product_cat":[23],"product_tag":[36],"class_list":{"0":"post-1233","1":"product","2":"type-product","3":"status-publish","4":"has-post-thumbnail","6":"product_cat-rondela","7":"product_tag-en-iso7090","9":"first","10":"instock","11":"shipping-taxable","12":"product-type-simple"},"yoast_head":"<!-- This site is optimized with the Yoast SEO plugin v22.2 - https:\/\/yoast.com\/wordpress\/plugins\/seo\/ -->\n<title>EN ISO7090 - Dem Metal Rondela \u0130malat\u0131 ve Ticareti<\/title>\n<meta name=\"robots\" content=\"index, follow, max-snippet:-1, max-image-preview:large, max-video-preview:-1\" \/>\n<link rel=\"canonical\" href=\"https:\/\/demmetal.com\/en\/urunler\/en-iso7090\/\" \/>\n<meta property=\"og:locale\" content=\"en_GB\" \/>\n<meta property=\"og:type\" content=\"article\" \/>\n<meta property=\"og:title\" content=\"EN ISO7090 - Dem Metal Rondela \u0130malat\u0131 ve Ticareti\" \/>\n<meta property=\"og:description\" content=\"EN ISO 7090 D\u00fcz Rondela  8.8 ve 10.9\u00a0 s\u0131n\u0131f\u0131ndaki alt\u0131 k\u00f6\u015fe ba\u015fl\u0131 c\u0131vata ile 8 ve 10 kalite somunlarla kullan\u0131lan d\u0131\u015f hav\u015fal\u0131 rondelalard\u0131r.  Sertlik s\u0131n\u0131f\u0131: 200HV ve 300HV\" \/>\n<meta property=\"og:url\" content=\"https:\/\/demmetal.com\/en\/urunler\/en-iso7090\/\" \/>\n<meta property=\"og:site_name\" content=\"Dem Metal\" \/>\n<meta property=\"article:publisher\" content=\"https:\/\/www.facebook.com\/demmetalrondela\" \/>\n<meta property=\"article:modified_time\" content=\"2024-03-12T16:09:11+00:00\" \/>\n<meta property=\"og:image\" content=\"https:\/\/demmetal.com\/wp-content\/uploads\/2024\/02\/iso7090-1.jpg\" \/>\n\t<meta property=\"og:image:width\" content=\"2160\" \/>\n\t<meta property=\"og:image:height\" content=\"2160\" \/>\n\t<meta property=\"og:image:type\" content=\"image\/jpeg\" \/>\n<meta name=\"twitter:card\" content=\"summary_large_image\" \/>\n<script type=\"application\/ld+json\" class=\"yoast-schema-graph\">{\"@context\":\"https:\/\/schema.org\",\"@graph\":[{\"@type\":\"WebPage\",\"@id\":\"https:\/\/demmetal.com\/urunler\/en-iso7090\/\",\"url\":\"https:\/\/demmetal.com\/urunler\/en-iso7090\/\",\"name\":\"EN ISO7090 - Dem Metal Rondela \u0130malat\u0131 ve Ticareti\",\"isPartOf\":{\"@id\":\"https:\/\/demmetal.com\/#website\"},\"primaryImageOfPage\":{\"@id\":\"https:\/\/demmetal.com\/urunler\/en-iso7090\/#primaryimage\"},\"image\":{\"@id\":\"https:\/\/demmetal.com\/urunler\/en-iso7090\/#primaryimage\"},\"thumbnailUrl\":\"https:\/\/demmetal.com\/wp-content\/uploads\/2024\/02\/iso7090-1.jpg\",\"datePublished\":\"2024-01-26T10:24:19+00:00\",\"dateModified\":\"2024-03-12T16:09:11+00:00\",\"breadcrumb\":{\"@id\":\"https:\/\/demmetal.com\/urunler\/en-iso7090\/#breadcrumb\"},\"inLanguage\":\"en-GB\",\"potentialAction\":[{\"@type\":\"ReadAction\",\"target\":[\"https:\/\/demmetal.com\/urunler\/en-iso7090\/\"]}]},{\"@type\":\"ImageObject\",\"inLanguage\":\"en-GB\",\"@id\":\"https:\/\/demmetal.com\/urunler\/en-iso7090\/#primaryimage\",\"url\":\"https:\/\/demmetal.com\/wp-content\/uploads\/2024\/02\/iso7090-1.jpg\",\"contentUrl\":\"https:\/\/demmetal.com\/wp-content\/uploads\/2024\/02\/iso7090-1.jpg\",\"width\":2160,\"height\":2160},{\"@type\":\"BreadcrumbList\",\"@id\":\"https:\/\/demmetal.com\/urunler\/en-iso7090\/#breadcrumb\",\"itemListElement\":[{\"@type\":\"ListItem\",\"position\":1,\"name\":\"Anasayfa\",\"item\":\"https:\/\/demmetal.com\/\"},{\"@type\":\"ListItem\",\"position\":2,\"name\":\"\u00dcr\u00fcnler\",\"item\":\"https:\/\/demmetal.com\/urunler\/\"},{\"@type\":\"ListItem\",\"position\":3,\"name\":\"EN ISO7090\"}]},{\"@type\":\"WebSite\",\"@id\":\"https:\/\/demmetal.com\/#website\",\"url\":\"https:\/\/demmetal.com\/\",\"name\":\"Dem Metal\",\"description\":\"Rondela \u0130malat\u0131 ve Ticareti\",\"publisher\":{\"@id\":\"https:\/\/demmetal.com\/#organization\"},\"potentialAction\":[{\"@type\":\"SearchAction\",\"target\":{\"@type\":\"EntryPoint\",\"urlTemplate\":\"https:\/\/demmetal.com\/?s={search_term_string}\"},\"query-input\":\"required name=search_term_string\"}],\"inLanguage\":\"en-GB\"},{\"@type\":\"Organization\",\"@id\":\"https:\/\/demmetal.com\/#organization\",\"name\":\"Dem Metal\",\"url\":\"https:\/\/demmetal.com\/\",\"logo\":{\"@type\":\"ImageObject\",\"inLanguage\":\"en-GB\",\"@id\":\"https:\/\/demmetal.com\/#\/schema\/logo\/image\/\",\"url\":\"https:\/\/demmetal.com\/wp-content\/uploads\/2024\/01\/demkoc-logo-son.png\",\"contentUrl\":\"https:\/\/demmetal.com\/wp-content\/uploads\/2024\/01\/demkoc-logo-son.png\",\"width\":1250,\"height\":330,\"caption\":\"Dem Metal\"},\"image\":{\"@id\":\"https:\/\/demmetal.com\/#\/schema\/logo\/image\/\"},\"sameAs\":[\"https:\/\/www.facebook.com\/demmetalrondela\",\"https:\/\/www.instagram.com\/demmetal\/\",\"https:\/\/www.linkedin.com\/company\/demmetal\/\"]}]}<\/script>\n<!-- \/ Yoast SEO plugin. -->","yoast_head_json":{"title":"EN ISO7090 - Dem Metal Rondela \u0130malat\u0131 ve Ticareti","robots":{"index":"index","follow":"follow","max-snippet":"max-snippet:-1","max-image-preview":"max-image-preview:large","max-video-preview":"max-video-preview:-1"},"canonical":"https:\/\/demmetal.com\/en\/urunler\/en-iso7090\/","og_locale":"en_GB","og_type":"article","og_title":"EN ISO7090 - Dem Metal Rondela \u0130malat\u0131 ve Ticareti","og_description":"EN ISO 7090 D\u00fcz Rondela  8.8 ve 10.9\u00a0 s\u0131n\u0131f\u0131ndaki alt\u0131 k\u00f6\u015fe ba\u015fl\u0131 c\u0131vata ile 8 ve 10 kalite somunlarla kullan\u0131lan d\u0131\u015f hav\u015fal\u0131 rondelalard\u0131r.  Sertlik s\u0131n\u0131f\u0131: 200HV ve 300HV","og_url":"https:\/\/demmetal.com\/en\/urunler\/en-iso7090\/","og_site_name":"Dem Metal","article_publisher":"https:\/\/www.facebook.com\/demmetalrondela","article_modified_time":"2024-03-12T16:09:11+00:00","og_image":[{"width":2160,"height":2160,"url":"https:\/\/demmetal.com\/wp-content\/uploads\/2024\/02\/iso7090-1.jpg","type":"image\/jpeg"}],"twitter_card":"summary_large_image","schema":{"@context":"https:\/\/schema.org","@graph":[{"@type":"WebPage","@id":"https:\/\/demmetal.com\/urunler\/en-iso7090\/","url":"https:\/\/demmetal.com\/urunler\/en-iso7090\/","name":"EN ISO7090 - Dem Metal Rondela \u0130malat\u0131 ve Ticareti","isPartOf":{"@id":"https:\/\/demmetal.com\/#website"},"primaryImageOfPage":{"@id":"https:\/\/demmetal.com\/urunler\/en-iso7090\/#primaryimage"},"image":{"@id":"https:\/\/demmetal.com\/urunler\/en-iso7090\/#primaryimage"},"thumbnailUrl":"https:\/\/demmetal.com\/wp-content\/uploads\/2024\/02\/iso7090-1.jpg","datePublished":"2024-01-26T10:24:19+00:00","dateModified":"2024-03-12T16:09:11+00:00","breadcrumb":{"@id":"https:\/\/demmetal.com\/urunler\/en-iso7090\/#breadcrumb"},"inLanguage":"en-GB","potentialAction":[{"@type":"ReadAction","target":["https:\/\/demmetal.com\/urunler\/en-iso7090\/"]}]},{"@type":"ImageObject","inLanguage":"en-GB","@id":"https:\/\/demmetal.com\/urunler\/en-iso7090\/#primaryimage","url":"https:\/\/demmetal.com\/wp-content\/uploads\/2024\/02\/iso7090-1.jpg","contentUrl":"https:\/\/demmetal.com\/wp-content\/uploads\/2024\/02\/iso7090-1.jpg","width":2160,"height":2160},{"@type":"BreadcrumbList","@id":"https:\/\/demmetal.com\/urunler\/en-iso7090\/#breadcrumb","itemListElement":[{"@type":"ListItem","position":1,"name":"Anasayfa","item":"https:\/\/demmetal.com\/"},{"@type":"ListItem","position":2,"name":"\u00dcr\u00fcnler","item":"https:\/\/demmetal.com\/urunler\/"},{"@type":"ListItem","position":3,"name":"EN ISO7090"}]},{"@type":"WebSite","@id":"https:\/\/demmetal.com\/#website","url":"https:\/\/demmetal.com\/","name":"Dem Metal","description":"Rondela \u0130malat\u0131 ve Ticareti","publisher":{"@id":"https:\/\/demmetal.com\/#organization"},"potentialAction":[{"@type":"SearchAction","target":{"@type":"EntryPoint","urlTemplate":"https:\/\/demmetal.com\/?s={search_term_string}"},"query-input":"required name=search_term_string"}],"inLanguage":"en-GB"},{"@type":"Organization","@id":"https:\/\/demmetal.com\/#organization","name":"Dem Metal","url":"https:\/\/demmetal.com\/","logo":{"@type":"ImageObject","inLanguage":"en-GB","@id":"https:\/\/demmetal.com\/#\/schema\/logo\/image\/","url":"https:\/\/demmetal.com\/wp-content\/uploads\/2024\/01\/demkoc-logo-son.png","contentUrl":"https:\/\/demmetal.com\/wp-content\/uploads\/2024\/01\/demkoc-logo-son.png","width":1250,"height":330,"caption":"Dem Metal"},"image":{"@id":"https:\/\/demmetal.com\/#\/schema\/logo\/image\/"},"sameAs":["https:\/\/www.facebook.com\/demmetalrondela","https:\/\/www.instagram.com\/demmetal\/","https:\/\/www.linkedin.com\/company\/demmetal\/"]}]}},"_links":{"self":[{"href":"https:\/\/demmetal.com\/en\/wp-json\/wp\/v2\/product\/1233","targetHints":{"allow":["GET"]}}],"collection":[{"href":"https:\/\/demmetal.com\/en\/wp-json\/wp\/v2\/product"}],"about":[{"href":"https:\/\/demmetal.com\/en\/wp-json\/wp\/v2\/types\/product"}],"wp:featuredmedia":[{"embeddable":true,"href":"https:\/\/demmetal.com\/en\/wp-json\/wp\/v2\/media\/2073"}],"wp:attachment":[{"href":"https:\/\/demmetal.com\/en\/wp-json\/wp\/v2\/media?parent=1233"}],"wp:term":[{"taxonomy":"product_cat","embeddable":true,"href":"https:\/\/demmetal.com\/en\/wp-json\/wp\/v2\/product_cat?post=1233"},{"taxonomy":"product_tag","embeddable":true,"href":"https:\/\/demmetal.com\/en\/wp-json\/wp\/v2\/product_tag?post=1233"}],"curies":[{"name":"wp","href":"https:\/\/api.w.org\/{rel}","templated":true}]}}