{"id":1230,"date":"2024-01-26T10:21:12","date_gmt":"2024-01-26T10:21:12","guid":{"rendered":"https:\/\/demmetal.webcrix.com\/?post_type=product&#038;p=1230"},"modified":"2024-03-12T16:09:11","modified_gmt":"2024-03-12T16:09:11","slug":"din-7989","status":"publish","type":"product","link":"https:\/\/demmetal.com\/en\/urunler\/din-7989\/","title":{"rendered":"DIN 7989"},"content":{"rendered":"<div style=\"display: flex; justify-content: center; padding: 25px;\"><img fetchpriority=\"high\" decoding=\"async\" class=\"alignnone wp-image-1296 size-full\" src=\"https:\/\/demmetal.webcrix.com\/wp-content\/uploads\/2024\/01\/DIN7989-e1706516104436.jpg\" alt=\"DIN7989\" width=\"768\" height=\"326\" srcset=\"https:\/\/demmetal.com\/wp-content\/uploads\/2024\/01\/DIN7989-e1706516104436.jpg 768w, https:\/\/demmetal.com\/wp-content\/uploads\/2024\/01\/DIN7989-e1706516104436-600x255.jpg 600w, https:\/\/demmetal.com\/wp-content\/uploads\/2024\/01\/DIN7989-e1706516104436-300x127.jpg 300w, https:\/\/demmetal.com\/wp-content\/uploads\/2024\/01\/DIN7989-e1706516104436-18x8.jpg 18w\" sizes=\"(max-width: 768px) 100vw, 768px\" \/><\/div>\n<table>\n<thead>\n<tr>\n<th class=\"col-h\" rowspan=\"2\">Thread Diameter<\/th>\n<th colspan=\"2\">d1<\/th>\n<th colspan=\"2\">d2<\/th>\n<th colspan=\"3\">h<\/th>\n<th>Weight<\/th>\n<\/tr>\n<tr class=\"h-alt\">\n<th>(Min)<\/th>\n<th>(Max)<\/th>\n<th>(Max)<\/th>\n<th>(Min)<\/th>\n<th>(NOM)<\/th>\n<th>(Min)<\/th>\n<th>(Max)<\/th>\n<th>(Kg\/1000 pcs)<\/th>\n<\/tr>\n<\/thead>\n<tbody>\n<tr>\n<td class=\"row-h\">M10<\/td>\n<td class=\"row-p\">11,00<\/td>\n<td class=\"row-p\">11,43<\/td>\n<td class=\"row-p\">20,00<\/td>\n<td class=\"row-p\">19,16<\/td>\n<td class=\"row-p\">8<\/td>\n<td class=\"row-p\">7<\/td>\n<td class=\"row-p\">9<\/td>\n<td class=\"row-p\">13,8<\/td>\n<\/tr>\n<tr>\n<td class=\"row-h\">M12<\/td>\n<td class=\"row-p\">13,50<\/td>\n<td class=\"row-p\">13,93<\/td>\n<td class=\"row-p\">24,00<\/td>\n<td class=\"row-p\">23,16<\/td>\n<td class=\"row-p\">8<\/td>\n<td class=\"row-p\">7<\/td>\n<td class=\"row-p\">9<\/td>\n<td class=\"row-p\">19,4<\/td>\n<\/tr>\n<tr>\n<td class=\"row-h\">M16<\/td>\n<td class=\"row-p\">17,50<\/td>\n<td class=\"row-p\">17,93<\/td>\n<td class=\"row-p\">30,00<\/td>\n<td class=\"row-p\">29,16<\/td>\n<td class=\"row-p\">8<\/td>\n<td class=\"row-p\">7<\/td>\n<td class=\"row-p\">9<\/td>\n<td class=\"row-p\">29,3<\/td>\n<\/tr>\n<tr>\n<td class=\"row-h\">M20<\/td>\n<td class=\"row-p\">22,00<\/td>\n<td class=\"row-p\">22,52<\/td>\n<td class=\"row-p\">37,00<\/td>\n<td class=\"row-p\">36,0<\/td>\n<td class=\"row-p\">8<\/td>\n<td class=\"row-p\">7<\/td>\n<td class=\"row-p\">9<\/td>\n<td class=\"row-p\">43,7<\/td>\n<\/tr>\n<tr>\n<td class=\"row-h\">M24<\/td>\n<td class=\"row-p\">26,00<\/td>\n<td class=\"row-p\">26,52<\/td>\n<td class=\"row-p\">44,00<\/td>\n<td class=\"row-p\">43,0<\/td>\n<td class=\"row-p\">8<\/td>\n<td class=\"row-p\">7<\/td>\n<td class=\"row-p\">9<\/td>\n<td class=\"row-p\">62,1<\/td>\n<\/tr>\n<tr>\n<td class=\"row-h\">M27<\/td>\n<td class=\"row-p\">30,00<\/td>\n<td class=\"row-p\">30,52<\/td>\n<td class=\"row-p\">50,00<\/td>\n<td class=\"row-p\">49,0<\/td>\n<td class=\"row-p\">8<\/td>\n<td class=\"row-p\">7<\/td>\n<td class=\"row-p\">9<\/td>\n<td class=\"row-p\">78,9<\/td>\n<\/tr>\n<tr>\n<td class=\"row-h\">M30<\/td>\n<td class=\"row-p\">33,00<\/td>\n<td class=\"row-p\">33,62<\/td>\n<td class=\"row-p\">56,00<\/td>\n<td class=\"row-p\">54,8<\/td>\n<td class=\"row-p\">8<\/td>\n<td class=\"row-p\">7<\/td>\n<td class=\"row-p\">9<\/td>\n<td class=\"row-p\">101,0<\/td>\n<\/tr>\n<\/tbody>\n<\/table>","protected":false},"excerpt":{"rendered":"<p><strong>DIN 7989 Steel Construction Washer<\/strong><\/p>\n<p>Flat washer that is used in steel constructions.<\/p>\n<p><strong>Material<\/strong>: Steel (Material choice is of producer choice)<\/p>","protected":false},"featured_media":2060,"template":"","meta":[],"product_cat":[23],"product_tag":[33],"class_list":{"0":"post-1230","1":"product","2":"type-product","3":"status-publish","4":"has-post-thumbnail","6":"product_cat-rondela","7":"product_tag-din-7989","9":"first","10":"instock","11":"shipping-taxable","12":"product-type-simple"},"yoast_head":"<!-- This site is optimized with the Yoast SEO plugin v22.2 - https:\/\/yoast.com\/wordpress\/plugins\/seo\/ -->\n<title>DIN 7989 - Dem Metal Rondela \u0130malat\u0131 ve Ticareti<\/title>\n<meta name=\"robots\" content=\"index, follow, max-snippet:-1, max-image-preview:large, max-video-preview:-1\" \/>\n<link rel=\"canonical\" href=\"https:\/\/demmetal.com\/en\/urunler\/din-7989\/\" \/>\n<meta property=\"og:locale\" content=\"en_GB\" \/>\n<meta property=\"og:type\" content=\"article\" \/>\n<meta property=\"og:title\" content=\"DIN 7989 - Dem Metal Rondela \u0130malat\u0131 ve Ticareti\" \/>\n<meta property=\"og:description\" content=\"DIN 7989 \u00c7elik Konstr\u00fcksiyon Pulu  \u00c7elik konstr\u00fcksiyon yap\u0131larda kullan\u0131lan d\u00fcz rondelad\u0131r.  Malzeme: St.\u00e7elik (Malzeme se\u00e7imi \u00fcretici se\u00e7imine b\u0131rak\u0131lm\u0131\u015ft\u0131r)\" \/>\n<meta property=\"og:url\" content=\"https:\/\/demmetal.com\/en\/urunler\/din-7989\/\" \/>\n<meta property=\"og:site_name\" content=\"Dem Metal\" \/>\n<meta property=\"article:publisher\" content=\"https:\/\/www.facebook.com\/demmetalrondela\" \/>\n<meta property=\"article:modified_time\" content=\"2024-03-12T16:09:11+00:00\" \/>\n<meta property=\"og:image\" content=\"https:\/\/demmetal.com\/wp-content\/uploads\/2024\/02\/din7989-3.jpg\" \/>\n\t<meta property=\"og:image:width\" content=\"2160\" \/>\n\t<meta property=\"og:image:height\" content=\"2160\" \/>\n\t<meta property=\"og:image:type\" content=\"image\/jpeg\" \/>\n<meta name=\"twitter:card\" content=\"summary_large_image\" \/>\n<script type=\"application\/ld+json\" class=\"yoast-schema-graph\">{\"@context\":\"https:\/\/schema.org\",\"@graph\":[{\"@type\":\"WebPage\",\"@id\":\"https:\/\/demmetal.com\/urunler\/din-7989\/\",\"url\":\"https:\/\/demmetal.com\/urunler\/din-7989\/\",\"name\":\"DIN 7989 - Dem Metal Rondela \u0130malat\u0131 ve Ticareti\",\"isPartOf\":{\"@id\":\"https:\/\/demmetal.com\/#website\"},\"primaryImageOfPage\":{\"@id\":\"https:\/\/demmetal.com\/urunler\/din-7989\/#primaryimage\"},\"image\":{\"@id\":\"https:\/\/demmetal.com\/urunler\/din-7989\/#primaryimage\"},\"thumbnailUrl\":\"https:\/\/demmetal.com\/wp-content\/uploads\/2024\/02\/din7989-3.jpg\",\"datePublished\":\"2024-01-26T10:21:12+00:00\",\"dateModified\":\"2024-03-12T16:09:11+00:00\",\"breadcrumb\":{\"@id\":\"https:\/\/demmetal.com\/urunler\/din-7989\/#breadcrumb\"},\"inLanguage\":\"en-GB\",\"potentialAction\":[{\"@type\":\"ReadAction\",\"target\":[\"https:\/\/demmetal.com\/urunler\/din-7989\/\"]}]},{\"@type\":\"ImageObject\",\"inLanguage\":\"en-GB\",\"@id\":\"https:\/\/demmetal.com\/urunler\/din-7989\/#primaryimage\",\"url\":\"https:\/\/demmetal.com\/wp-content\/uploads\/2024\/02\/din7989-3.jpg\",\"contentUrl\":\"https:\/\/demmetal.com\/wp-content\/uploads\/2024\/02\/din7989-3.jpg\",\"width\":2160,\"height\":2160},{\"@type\":\"BreadcrumbList\",\"@id\":\"https:\/\/demmetal.com\/urunler\/din-7989\/#breadcrumb\",\"itemListElement\":[{\"@type\":\"ListItem\",\"position\":1,\"name\":\"Anasayfa\",\"item\":\"https:\/\/demmetal.com\/\"},{\"@type\":\"ListItem\",\"position\":2,\"name\":\"\u00dcr\u00fcnler\",\"item\":\"https:\/\/demmetal.com\/urunler\/\"},{\"@type\":\"ListItem\",\"position\":3,\"name\":\"DIN 7989\"}]},{\"@type\":\"WebSite\",\"@id\":\"https:\/\/demmetal.com\/#website\",\"url\":\"https:\/\/demmetal.com\/\",\"name\":\"Dem Metal\",\"description\":\"Rondela \u0130malat\u0131 ve Ticareti\",\"publisher\":{\"@id\":\"https:\/\/demmetal.com\/#organization\"},\"potentialAction\":[{\"@type\":\"SearchAction\",\"target\":{\"@type\":\"EntryPoint\",\"urlTemplate\":\"https:\/\/demmetal.com\/?s={search_term_string}\"},\"query-input\":\"required name=search_term_string\"}],\"inLanguage\":\"en-GB\"},{\"@type\":\"Organization\",\"@id\":\"https:\/\/demmetal.com\/#organization\",\"name\":\"Dem Metal\",\"url\":\"https:\/\/demmetal.com\/\",\"logo\":{\"@type\":\"ImageObject\",\"inLanguage\":\"en-GB\",\"@id\":\"https:\/\/demmetal.com\/#\/schema\/logo\/image\/\",\"url\":\"https:\/\/demmetal.com\/wp-content\/uploads\/2024\/01\/demkoc-logo-son.png\",\"contentUrl\":\"https:\/\/demmetal.com\/wp-content\/uploads\/2024\/01\/demkoc-logo-son.png\",\"width\":1250,\"height\":330,\"caption\":\"Dem Metal\"},\"image\":{\"@id\":\"https:\/\/demmetal.com\/#\/schema\/logo\/image\/\"},\"sameAs\":[\"https:\/\/www.facebook.com\/demmetalrondela\",\"https:\/\/www.instagram.com\/demmetal\/\",\"https:\/\/www.linkedin.com\/company\/demmetal\/\"]}]}<\/script>\n<!-- \/ Yoast SEO plugin. -->","yoast_head_json":{"title":"DIN 7989 - Dem Metal Rondela \u0130malat\u0131 ve Ticareti","robots":{"index":"index","follow":"follow","max-snippet":"max-snippet:-1","max-image-preview":"max-image-preview:large","max-video-preview":"max-video-preview:-1"},"canonical":"https:\/\/demmetal.com\/en\/urunler\/din-7989\/","og_locale":"en_GB","og_type":"article","og_title":"DIN 7989 - Dem Metal Rondela \u0130malat\u0131 ve Ticareti","og_description":"DIN 7989 \u00c7elik Konstr\u00fcksiyon Pulu  \u00c7elik konstr\u00fcksiyon yap\u0131larda kullan\u0131lan d\u00fcz rondelad\u0131r.  Malzeme: St.\u00e7elik (Malzeme se\u00e7imi \u00fcretici se\u00e7imine b\u0131rak\u0131lm\u0131\u015ft\u0131r)","og_url":"https:\/\/demmetal.com\/en\/urunler\/din-7989\/","og_site_name":"Dem Metal","article_publisher":"https:\/\/www.facebook.com\/demmetalrondela","article_modified_time":"2024-03-12T16:09:11+00:00","og_image":[{"width":2160,"height":2160,"url":"https:\/\/demmetal.com\/wp-content\/uploads\/2024\/02\/din7989-3.jpg","type":"image\/jpeg"}],"twitter_card":"summary_large_image","schema":{"@context":"https:\/\/schema.org","@graph":[{"@type":"WebPage","@id":"https:\/\/demmetal.com\/urunler\/din-7989\/","url":"https:\/\/demmetal.com\/urunler\/din-7989\/","name":"DIN 7989 - Dem Metal Rondela \u0130malat\u0131 ve Ticareti","isPartOf":{"@id":"https:\/\/demmetal.com\/#website"},"primaryImageOfPage":{"@id":"https:\/\/demmetal.com\/urunler\/din-7989\/#primaryimage"},"image":{"@id":"https:\/\/demmetal.com\/urunler\/din-7989\/#primaryimage"},"thumbnailUrl":"https:\/\/demmetal.com\/wp-content\/uploads\/2024\/02\/din7989-3.jpg","datePublished":"2024-01-26T10:21:12+00:00","dateModified":"2024-03-12T16:09:11+00:00","breadcrumb":{"@id":"https:\/\/demmetal.com\/urunler\/din-7989\/#breadcrumb"},"inLanguage":"en-GB","potentialAction":[{"@type":"ReadAction","target":["https:\/\/demmetal.com\/urunler\/din-7989\/"]}]},{"@type":"ImageObject","inLanguage":"en-GB","@id":"https:\/\/demmetal.com\/urunler\/din-7989\/#primaryimage","url":"https:\/\/demmetal.com\/wp-content\/uploads\/2024\/02\/din7989-3.jpg","contentUrl":"https:\/\/demmetal.com\/wp-content\/uploads\/2024\/02\/din7989-3.jpg","width":2160,"height":2160},{"@type":"BreadcrumbList","@id":"https:\/\/demmetal.com\/urunler\/din-7989\/#breadcrumb","itemListElement":[{"@type":"ListItem","position":1,"name":"Anasayfa","item":"https:\/\/demmetal.com\/"},{"@type":"ListItem","position":2,"name":"\u00dcr\u00fcnler","item":"https:\/\/demmetal.com\/urunler\/"},{"@type":"ListItem","position":3,"name":"DIN 7989"}]},{"@type":"WebSite","@id":"https:\/\/demmetal.com\/#website","url":"https:\/\/demmetal.com\/","name":"Dem Metal","description":"Rondela \u0130malat\u0131 ve Ticareti","publisher":{"@id":"https:\/\/demmetal.com\/#organization"},"potentialAction":[{"@type":"SearchAction","target":{"@type":"EntryPoint","urlTemplate":"https:\/\/demmetal.com\/?s={search_term_string}"},"query-input":"required name=search_term_string"}],"inLanguage":"en-GB"},{"@type":"Organization","@id":"https:\/\/demmetal.com\/#organization","name":"Dem Metal","url":"https:\/\/demmetal.com\/","logo":{"@type":"ImageObject","inLanguage":"en-GB","@id":"https:\/\/demmetal.com\/#\/schema\/logo\/image\/","url":"https:\/\/demmetal.com\/wp-content\/uploads\/2024\/01\/demkoc-logo-son.png","contentUrl":"https:\/\/demmetal.com\/wp-content\/uploads\/2024\/01\/demkoc-logo-son.png","width":1250,"height":330,"caption":"Dem Metal"},"image":{"@id":"https:\/\/demmetal.com\/#\/schema\/logo\/image\/"},"sameAs":["https:\/\/www.facebook.com\/demmetalrondela","https:\/\/www.instagram.com\/demmetal\/","https:\/\/www.linkedin.com\/company\/demmetal\/"]}]}},"_links":{"self":[{"href":"https:\/\/demmetal.com\/en\/wp-json\/wp\/v2\/product\/1230","targetHints":{"allow":["GET"]}}],"collection":[{"href":"https:\/\/demmetal.com\/en\/wp-json\/wp\/v2\/product"}],"about":[{"href":"https:\/\/demmetal.com\/en\/wp-json\/wp\/v2\/types\/product"}],"wp:featuredmedia":[{"embeddable":true,"href":"https:\/\/demmetal.com\/en\/wp-json\/wp\/v2\/media\/2060"}],"wp:attachment":[{"href":"https:\/\/demmetal.com\/en\/wp-json\/wp\/v2\/media?parent=1230"}],"wp:term":[{"taxonomy":"product_cat","embeddable":true,"href":"https:\/\/demmetal.com\/en\/wp-json\/wp\/v2\/product_cat?post=1230"},{"taxonomy":"product_tag","embeddable":true,"href":"https:\/\/demmetal.com\/en\/wp-json\/wp\/v2\/product_tag?post=1230"}],"curies":[{"name":"wp","href":"https:\/\/api.w.org\/{rel}","templated":true}]}}