{"id":1187,"date":"2024-01-26T08:18:31","date_gmt":"2024-01-26T08:18:31","guid":{"rendered":"https:\/\/demmetal.webcrix.com\/?post_type=product&#038;p=1187"},"modified":"2024-03-08T08:58:39","modified_gmt":"2024-03-08T08:58:39","slug":"din-125b","status":"publish","type":"product","link":"https:\/\/demmetal.com\/en\/urunler\/din-125b\/","title":{"rendered":"DIN 125B"},"content":{"rendered":"<div style=\"display: flex; justify-content: center; padding: 25px;\"><img fetchpriority=\"high\" decoding=\"async\" class=\"alignnone wp-image-1291 size-full\" src=\"https:\/\/demmetal.webcrix.com\/wp-content\/uploads\/2024\/01\/DIN125B-e1706516195178.jpg\" alt=\"DIN125B\" width=\"768\" height=\"262\" srcset=\"https:\/\/demmetal.com\/wp-content\/uploads\/2024\/01\/DIN125B-e1706516195178.jpg 768w, https:\/\/demmetal.com\/wp-content\/uploads\/2024\/01\/DIN125B-e1706516195178-600x205.jpg 600w, https:\/\/demmetal.com\/wp-content\/uploads\/2024\/01\/DIN125B-e1706516195178-300x102.jpg 300w, https:\/\/demmetal.com\/wp-content\/uploads\/2024\/01\/DIN125B-e1706516195178-18x6.jpg 18w\" sizes=\"(max-width: 768px) 100vw, 768px\" \/><\/div>\n<table>\n<thead>\n<tr>\n<th class=\"col-h\" rowspan=\"2\">Thread Diameter<\/th>\n<th colspan=\"2\">d1<\/th>\n<th colspan=\"2\">d2<\/th>\n<th colspan=\"2\">h<\/th>\n<th>Weight<\/th>\n<\/tr>\n<tr class=\"h-alt\">\n<th>(Min)<\/th>\n<th>(Max)<\/th>\n<th>(Min)<\/th>\n<th>(Max)<\/th>\n<th>(Min)<\/th>\n<th>(Max)<\/th>\n<th>(Kg\/1000 pcs)<\/th>\n<\/tr>\n<\/thead>\n<tbody>\n<tr>\n<td class=\"row-h\">M8<\/td>\n<td class=\"row-p\">8.40<\/td>\n<td class=\"row-p\">8.62<\/td>\n<td class=\"row-p\">15.57<\/td>\n<td class=\"row-p\">16.0<\/td>\n<td class=\"row-p\">1.40<\/td>\n<td class=\"row-p\">1.80<\/td>\n<td class=\"row-p\">1.830<\/td>\n<\/tr>\n<tr>\n<td class=\"row-h\">M10<\/td>\n<td class=\"row-p\">10.50<\/td>\n<td class=\"row-p\">10.77<\/td>\n<td class=\"row-p\">19.48<\/td>\n<td class=\"row-p\">20.0<\/td>\n<td class=\"row-p\">1.80<\/td>\n<td class=\"row-p\">2.20<\/td>\n<td class=\"row-p\">3.570<\/td>\n<\/tr>\n<tr>\n<td class=\"row-h\">M12<\/td>\n<td class=\"row-p\">13.00<\/td>\n<td class=\"row-p\">13.27<\/td>\n<td class=\"row-p\">23.48<\/td>\n<td class=\"row-p\">24.0<\/td>\n<td class=\"row-p\">2.30<\/td>\n<td class=\"row-p\">2.70<\/td>\n<td class=\"row-p\">6.270<\/td>\n<\/tr>\n<tr>\n<td class=\"row-h\">M14<\/td>\n<td class=\"row-p\">15.00<\/td>\n<td class=\"row-p\">15.27<\/td>\n<td class=\"row-p\">27.48<\/td>\n<td class=\"row-p\">28.0<\/td>\n<td class=\"row-p\">2.30<\/td>\n<td class=\"row-p\">2.70<\/td>\n<td class=\"row-p\">8.620<\/td>\n<\/tr>\n<tr>\n<td class=\"row-h\">M16<\/td>\n<td class=\"row-p\">17.00<\/td>\n<td class=\"row-p\">17.27<\/td>\n<td class=\"row-p\">29.48<\/td>\n<td class=\"row-p\">30.0<\/td>\n<td class=\"row-p\">2.70<\/td>\n<td class=\"row-p\">3.30<\/td>\n<td class=\"row-p\">11.300<\/td>\n<\/tr>\n<tr>\n<td class=\"row-h\">M18<\/td>\n<td class=\"row-p\">19.00<\/td>\n<td class=\"row-p\">19.33<\/td>\n<td class=\"row-p\">33.38<\/td>\n<td class=\"row-p\">34.0<\/td>\n<td class=\"row-p\">2.70<\/td>\n<td class=\"row-p\">3.30<\/td>\n<td class=\"row-p\">14.700<\/td>\n<\/tr>\n<tr>\n<td class=\"row-h\">M20<\/td>\n<td class=\"row-p\">21.00<\/td>\n<td class=\"row-p\">21.33<\/td>\n<td class=\"row-p\">36.38<\/td>\n<td class=\"row-p\">37.0<\/td>\n<td class=\"row-p\">2.70<\/td>\n<td class=\"row-p\">3.30<\/td>\n<td class=\"row-p\">17.200<\/td>\n<\/tr>\n<tr>\n<td class=\"row-h\">M22<\/td>\n<td class=\"row-p\">23.00<\/td>\n<td class=\"row-p\">23.33<\/td>\n<td class=\"row-p\">38.38<\/td>\n<td class=\"row-p\">39.0<\/td>\n<td class=\"row-p\">2.70<\/td>\n<td class=\"row-p\">3.30<\/td>\n<td class=\"row-p\">18.300<\/td>\n<\/tr>\n<tr>\n<td class=\"row-h\">M24<\/td>\n<td class=\"row-p\">25.00<\/td>\n<td class=\"row-p\">25.33<\/td>\n<td class=\"row-p\">43.38<\/td>\n<td class=\"row-p\">44.0<\/td>\n<td class=\"row-p\">3.70<\/td>\n<td class=\"row-p\">4.30<\/td>\n<td class=\"row-p\">32.300<\/td>\n<\/tr>\n<tr>\n<td class=\"row-h\">M27<\/td>\n<td class=\"row-p\">28.00<\/td>\n<td class=\"row-p\">28.33<\/td>\n<td class=\"row-p\">49.38<\/td>\n<td class=\"row-p\">50.0<\/td>\n<td class=\"row-p\">3.70<\/td>\n<td class=\"row-p\">4.30<\/td>\n<td class=\"row-p\">42.300<\/td>\n<\/tr>\n<tr>\n<td class=\"row-h\">M30<\/td>\n<td class=\"row-p\">31.00<\/td>\n<td class=\"row-p\">31.39<\/td>\n<td class=\"row-p\">55.26<\/td>\n<td class=\"row-p\">56.0<\/td>\n<td class=\"row-p\">3.70<\/td>\n<td class=\"row-p\">4.30<\/td>\n<td class=\"row-p\">53.600<\/td>\n<\/tr>\n<tr>\n<td class=\"row-h\">M33<\/td>\n<td class=\"row-p\">34.00<\/td>\n<td class=\"row-p\">34.62<\/td>\n<td class=\"row-p\">58.80<\/td>\n<td class=\"row-p\">60.0<\/td>\n<td class=\"row-p\">4.40<\/td>\n<td class=\"row-p\">5.60<\/td>\n<td class=\"row-p\">75.300<\/td>\n<\/tr>\n<tr>\n<td class=\"row-h\">M36<\/td>\n<td class=\"row-p\">37.00<\/td>\n<td class=\"row-p\">37.62<\/td>\n<td class=\"row-p\">64.80<\/td>\n<td class=\"row-p\">66.0<\/td>\n<td class=\"row-p\">4.40<\/td>\n<td class=\"row-p\">5.60<\/td>\n<td class=\"row-p\">92.100<\/td>\n<\/tr>\n<tr>\n<td class=\"row-h\">M39<\/td>\n<td class=\"row-p\">42.00<\/td>\n<td class=\"row-p\">42.62<\/td>\n<td class=\"row-p\">70.80<\/td>\n<td class=\"row-p\">72.0<\/td>\n<td class=\"row-p\">5.40<\/td>\n<td class=\"row-p\">6.60<\/td>\n<td class=\"row-p\">133.000<\/td>\n<\/tr>\n<tr>\n<td class=\"row-h\">M42<\/td>\n<td class=\"row-p\">43.00<\/td>\n<td class=\"row-p\">43.62<\/td>\n<td class=\"row-p\">76.80<\/td>\n<td class=\"row-p\">78.0<\/td>\n<td class=\"row-p\">6.00<\/td>\n<td class=\"row-p\">8.00<\/td>\n<td class=\"row-p\">183.000<\/td>\n<\/tr>\n<tr>\n<td class=\"row-h\">M45<\/td>\n<td class=\"row-p\">46.00<\/td>\n<td class=\"row-p\">46.62<\/td>\n<td class=\"row-p\">83.60<\/td>\n<td class=\"row-p\">85.0<\/td>\n<td class=\"row-p\">6.00<\/td>\n<td class=\"row-p\">8.00<\/td>\n<td class=\"row-p\">220.000<\/td>\n<\/tr>\n<tr>\n<td class=\"row-h\">M48<\/td>\n<td class=\"row-p\">50.00<\/td>\n<td class=\"row-p\">50.62<\/td>\n<td class=\"row-p\">90.60<\/td>\n<td class=\"row-p\">92.0<\/td>\n<td class=\"row-p\">7.00<\/td>\n<td class=\"row-p\">9.00<\/td>\n<td class=\"row-p\">294.000<\/td>\n<\/tr>\n<tr>\n<td class=\"row-h\">M52<\/td>\n<td class=\"row-p\">54.00<\/td>\n<td class=\"row-p\">54.74<\/td>\n<td class=\"row-p\">96.60<\/td>\n<td class=\"row-p\">98.0<\/td>\n<td class=\"row-p\">7.00<\/td>\n<td class=\"row-p\">9.00<\/td>\n<td class=\"row-p\">330.000<\/td>\n<\/tr>\n<tr>\n<td class=\"row-h\">M56<\/td>\n<td class=\"row-p\">58.00<\/td>\n<td class=\"row-p\">58.74<\/td>\n<td class=\"row-p\">103.60<\/td>\n<td class=\"row-p\">105.0<\/td>\n<td class=\"row-p\">8.00<\/td>\n<td class=\"row-p\">10.00<\/td>\n<td class=\"row-p\">425.000<\/td>\n<\/tr>\n<tr>\n<td class=\"row-h\">M60<\/td>\n<td class=\"row-p\">62.00<\/td>\n<td class=\"row-p\">62.74<\/td>\n<td class=\"row-p\">108.60<\/td>\n<td class=\"row-p\">110.0<\/td>\n<td class=\"row-p\">8.00<\/td>\n<td class=\"row-p\">10.00<\/td>\n<td class=\"row-p\">458.000<\/td>\n<\/tr>\n<tr>\n<td class=\"row-h\">M64<\/td>\n<td class=\"row-p\">66.00<\/td>\n<td class=\"row-p\">66.74<\/td>\n<td class=\"row-p\">113.60<\/td>\n<td class=\"row-p\">115.0<\/td>\n<td class=\"row-p\">8.00<\/td>\n<td class=\"row-p\">10.00<\/td>\n<td class=\"row-p\">492.000<\/td>\n<\/tr>\n<\/tbody>\n<\/table>","protected":false},"excerpt":{"rendered":"<p><strong>DIN 125B Flat Washer<\/strong><\/p>\n<p>External countersunk washer generally used in 8.8 quality DIN 931 \/ DIN 933 hex head bolt and 8 quality DIN 934 screws.<\/p>\n<p><strong>Material<\/strong>: Steel (Material choice is of producer choice)<\/p>","protected":false},"featured_media":2074,"template":"","meta":[],"product_cat":[23],"product_tag":[27],"class_list":{"0":"post-1187","1":"product","2":"type-product","3":"status-publish","4":"has-post-thumbnail","6":"product_cat-rondela","7":"product_tag-din-125b","9":"first","10":"instock","11":"shipping-taxable","12":"product-type-simple"},"yoast_head":"<!-- This site is optimized with the Yoast SEO plugin v22.2 - https:\/\/yoast.com\/wordpress\/plugins\/seo\/ -->\n<title>DIN 125B - Dem Metal Rondela \u0130malat\u0131 ve Ticareti<\/title>\n<meta name=\"robots\" content=\"index, follow, max-snippet:-1, max-image-preview:large, max-video-preview:-1\" \/>\n<link rel=\"canonical\" href=\"https:\/\/demmetal.com\/en\/urunler\/din-125b\/\" \/>\n<meta property=\"og:locale\" content=\"en_GB\" \/>\n<meta property=\"og:type\" content=\"article\" \/>\n<meta property=\"og:title\" content=\"DIN 125B - Dem Metal Rondela \u0130malat\u0131 ve Ticareti\" \/>\n<meta property=\"og:description\" content=\"DIN 125B D\u00fcz Rondela  Genellikle 8.8 kalite DIN 931\/DIN 933 alt\u0131 k\u00f6\u015fe ba\u015fl\u0131 c\u0131vata ve 8 KAL\u0130TE DIN 934 somunlarla kullan\u0131lan d\u0131\u015f hav\u015fal\u0131 rondelad\u0131r.  Malzeme: St.\u00e7elik (Malzeme se\u00e7imi \u00fcretici se\u00e7imine b\u0131rak\u0131lm\u0131\u015ft\u0131r)\" \/>\n<meta property=\"og:url\" content=\"https:\/\/demmetal.com\/en\/urunler\/din-125b\/\" \/>\n<meta property=\"og:site_name\" content=\"Dem Metal\" \/>\n<meta property=\"article:publisher\" content=\"https:\/\/www.facebook.com\/demmetalrondela\" \/>\n<meta property=\"article:modified_time\" content=\"2024-03-08T08:58:39+00:00\" \/>\n<meta property=\"og:image\" content=\"https:\/\/demmetal.com\/wp-content\/uploads\/2024\/02\/iso7090-2.jpg\" \/>\n\t<meta property=\"og:image:width\" content=\"2160\" \/>\n\t<meta property=\"og:image:height\" content=\"2160\" \/>\n\t<meta property=\"og:image:type\" content=\"image\/jpeg\" \/>\n<meta name=\"twitter:card\" content=\"summary_large_image\" \/>\n<script type=\"application\/ld+json\" class=\"yoast-schema-graph\">{\"@context\":\"https:\/\/schema.org\",\"@graph\":[{\"@type\":\"WebPage\",\"@id\":\"https:\/\/demmetal.com\/urunler\/din-125b\/\",\"url\":\"https:\/\/demmetal.com\/urunler\/din-125b\/\",\"name\":\"DIN 125B - Dem Metal Rondela \u0130malat\u0131 ve Ticareti\",\"isPartOf\":{\"@id\":\"https:\/\/demmetal.com\/#website\"},\"primaryImageOfPage\":{\"@id\":\"https:\/\/demmetal.com\/urunler\/din-125b\/#primaryimage\"},\"image\":{\"@id\":\"https:\/\/demmetal.com\/urunler\/din-125b\/#primaryimage\"},\"thumbnailUrl\":\"https:\/\/demmetal.com\/wp-content\/uploads\/2024\/02\/iso7090-2.jpg\",\"datePublished\":\"2024-01-26T08:18:31+00:00\",\"dateModified\":\"2024-03-08T08:58:39+00:00\",\"breadcrumb\":{\"@id\":\"https:\/\/demmetal.com\/urunler\/din-125b\/#breadcrumb\"},\"inLanguage\":\"en-GB\",\"potentialAction\":[{\"@type\":\"ReadAction\",\"target\":[\"https:\/\/demmetal.com\/urunler\/din-125b\/\"]}]},{\"@type\":\"ImageObject\",\"inLanguage\":\"en-GB\",\"@id\":\"https:\/\/demmetal.com\/urunler\/din-125b\/#primaryimage\",\"url\":\"https:\/\/demmetal.com\/wp-content\/uploads\/2024\/02\/iso7090-2.jpg\",\"contentUrl\":\"https:\/\/demmetal.com\/wp-content\/uploads\/2024\/02\/iso7090-2.jpg\",\"width\":2160,\"height\":2160},{\"@type\":\"BreadcrumbList\",\"@id\":\"https:\/\/demmetal.com\/urunler\/din-125b\/#breadcrumb\",\"itemListElement\":[{\"@type\":\"ListItem\",\"position\":1,\"name\":\"Anasayfa\",\"item\":\"https:\/\/demmetal.com\/\"},{\"@type\":\"ListItem\",\"position\":2,\"name\":\"\u00dcr\u00fcnler\",\"item\":\"https:\/\/demmetal.com\/urunler\/\"},{\"@type\":\"ListItem\",\"position\":3,\"name\":\"DIN 125B\"}]},{\"@type\":\"WebSite\",\"@id\":\"https:\/\/demmetal.com\/#website\",\"url\":\"https:\/\/demmetal.com\/\",\"name\":\"Dem Metal\",\"description\":\"Rondela \u0130malat\u0131 ve Ticareti\",\"publisher\":{\"@id\":\"https:\/\/demmetal.com\/#organization\"},\"potentialAction\":[{\"@type\":\"SearchAction\",\"target\":{\"@type\":\"EntryPoint\",\"urlTemplate\":\"https:\/\/demmetal.com\/?s={search_term_string}\"},\"query-input\":\"required name=search_term_string\"}],\"inLanguage\":\"en-GB\"},{\"@type\":\"Organization\",\"@id\":\"https:\/\/demmetal.com\/#organization\",\"name\":\"Dem Metal\",\"url\":\"https:\/\/demmetal.com\/\",\"logo\":{\"@type\":\"ImageObject\",\"inLanguage\":\"en-GB\",\"@id\":\"https:\/\/demmetal.com\/#\/schema\/logo\/image\/\",\"url\":\"https:\/\/demmetal.com\/wp-content\/uploads\/2024\/01\/demkoc-logo-son.png\",\"contentUrl\":\"https:\/\/demmetal.com\/wp-content\/uploads\/2024\/01\/demkoc-logo-son.png\",\"width\":1250,\"height\":330,\"caption\":\"Dem Metal\"},\"image\":{\"@id\":\"https:\/\/demmetal.com\/#\/schema\/logo\/image\/\"},\"sameAs\":[\"https:\/\/www.facebook.com\/demmetalrondela\",\"https:\/\/www.instagram.com\/demmetal\/\",\"https:\/\/www.linkedin.com\/company\/demmetal\/\"]}]}<\/script>\n<!-- \/ Yoast SEO plugin. -->","yoast_head_json":{"title":"DIN 125B - Dem Metal Rondela \u0130malat\u0131 ve Ticareti","robots":{"index":"index","follow":"follow","max-snippet":"max-snippet:-1","max-image-preview":"max-image-preview:large","max-video-preview":"max-video-preview:-1"},"canonical":"https:\/\/demmetal.com\/en\/urunler\/din-125b\/","og_locale":"en_GB","og_type":"article","og_title":"DIN 125B - Dem Metal Rondela \u0130malat\u0131 ve Ticareti","og_description":"DIN 125B D\u00fcz Rondela  Genellikle 8.8 kalite DIN 931\/DIN 933 alt\u0131 k\u00f6\u015fe ba\u015fl\u0131 c\u0131vata ve 8 KAL\u0130TE DIN 934 somunlarla kullan\u0131lan d\u0131\u015f hav\u015fal\u0131 rondelad\u0131r.  Malzeme: St.\u00e7elik (Malzeme se\u00e7imi \u00fcretici se\u00e7imine b\u0131rak\u0131lm\u0131\u015ft\u0131r)","og_url":"https:\/\/demmetal.com\/en\/urunler\/din-125b\/","og_site_name":"Dem Metal","article_publisher":"https:\/\/www.facebook.com\/demmetalrondela","article_modified_time":"2024-03-08T08:58:39+00:00","og_image":[{"width":2160,"height":2160,"url":"https:\/\/demmetal.com\/wp-content\/uploads\/2024\/02\/iso7090-2.jpg","type":"image\/jpeg"}],"twitter_card":"summary_large_image","schema":{"@context":"https:\/\/schema.org","@graph":[{"@type":"WebPage","@id":"https:\/\/demmetal.com\/urunler\/din-125b\/","url":"https:\/\/demmetal.com\/urunler\/din-125b\/","name":"DIN 125B - Dem Metal Rondela \u0130malat\u0131 ve Ticareti","isPartOf":{"@id":"https:\/\/demmetal.com\/#website"},"primaryImageOfPage":{"@id":"https:\/\/demmetal.com\/urunler\/din-125b\/#primaryimage"},"image":{"@id":"https:\/\/demmetal.com\/urunler\/din-125b\/#primaryimage"},"thumbnailUrl":"https:\/\/demmetal.com\/wp-content\/uploads\/2024\/02\/iso7090-2.jpg","datePublished":"2024-01-26T08:18:31+00:00","dateModified":"2024-03-08T08:58:39+00:00","breadcrumb":{"@id":"https:\/\/demmetal.com\/urunler\/din-125b\/#breadcrumb"},"inLanguage":"en-GB","potentialAction":[{"@type":"ReadAction","target":["https:\/\/demmetal.com\/urunler\/din-125b\/"]}]},{"@type":"ImageObject","inLanguage":"en-GB","@id":"https:\/\/demmetal.com\/urunler\/din-125b\/#primaryimage","url":"https:\/\/demmetal.com\/wp-content\/uploads\/2024\/02\/iso7090-2.jpg","contentUrl":"https:\/\/demmetal.com\/wp-content\/uploads\/2024\/02\/iso7090-2.jpg","width":2160,"height":2160},{"@type":"BreadcrumbList","@id":"https:\/\/demmetal.com\/urunler\/din-125b\/#breadcrumb","itemListElement":[{"@type":"ListItem","position":1,"name":"Anasayfa","item":"https:\/\/demmetal.com\/"},{"@type":"ListItem","position":2,"name":"\u00dcr\u00fcnler","item":"https:\/\/demmetal.com\/urunler\/"},{"@type":"ListItem","position":3,"name":"DIN 125B"}]},{"@type":"WebSite","@id":"https:\/\/demmetal.com\/#website","url":"https:\/\/demmetal.com\/","name":"Dem Metal","description":"Rondela \u0130malat\u0131 ve Ticareti","publisher":{"@id":"https:\/\/demmetal.com\/#organization"},"potentialAction":[{"@type":"SearchAction","target":{"@type":"EntryPoint","urlTemplate":"https:\/\/demmetal.com\/?s={search_term_string}"},"query-input":"required name=search_term_string"}],"inLanguage":"en-GB"},{"@type":"Organization","@id":"https:\/\/demmetal.com\/#organization","name":"Dem Metal","url":"https:\/\/demmetal.com\/","logo":{"@type":"ImageObject","inLanguage":"en-GB","@id":"https:\/\/demmetal.com\/#\/schema\/logo\/image\/","url":"https:\/\/demmetal.com\/wp-content\/uploads\/2024\/01\/demkoc-logo-son.png","contentUrl":"https:\/\/demmetal.com\/wp-content\/uploads\/2024\/01\/demkoc-logo-son.png","width":1250,"height":330,"caption":"Dem Metal"},"image":{"@id":"https:\/\/demmetal.com\/#\/schema\/logo\/image\/"},"sameAs":["https:\/\/www.facebook.com\/demmetalrondela","https:\/\/www.instagram.com\/demmetal\/","https:\/\/www.linkedin.com\/company\/demmetal\/"]}]}},"_links":{"self":[{"href":"https:\/\/demmetal.com\/en\/wp-json\/wp\/v2\/product\/1187","targetHints":{"allow":["GET"]}}],"collection":[{"href":"https:\/\/demmetal.com\/en\/wp-json\/wp\/v2\/product"}],"about":[{"href":"https:\/\/demmetal.com\/en\/wp-json\/wp\/v2\/types\/product"}],"wp:featuredmedia":[{"embeddable":true,"href":"https:\/\/demmetal.com\/en\/wp-json\/wp\/v2\/media\/2074"}],"wp:attachment":[{"href":"https:\/\/demmetal.com\/en\/wp-json\/wp\/v2\/media?parent=1187"}],"wp:term":[{"taxonomy":"product_cat","embeddable":true,"href":"https:\/\/demmetal.com\/en\/wp-json\/wp\/v2\/product_cat?post=1187"},{"taxonomy":"product_tag","embeddable":true,"href":"https:\/\/demmetal.com\/en\/wp-json\/wp\/v2\/product_tag?post=1187"}],"curies":[{"name":"wp","href":"https:\/\/api.w.org\/{rel}","templated":true}]}}